{"id":104,"date":"2025-10-13T15:35:28","date_gmt":"2025-10-13T13:35:28","guid":{"rendered":"https:\/\/www.atelier-sacher.at\/?post_type=product&#038;p=104"},"modified":"2026-03-06T11:06:08","modified_gmt":"2026-03-06T10:06:08","slug":"halskette-aus-messing-mit-sonnenmotiv","status":"publish","type":"product","link":"https:\/\/www.atelier-sacher.at\/?product=halskette-aus-messing-mit-sonnenmotiv","title":{"rendered":"Lynn"},"content":{"rendered":"<p>Diese handgefertigte Halskette aus Messing wird in \u00d6sterreich gefertigt und zeichnet sich durch ihr kunstvolles Sonnenmotiv aus. In der Mitte der Sonne befindet sich eine fein gearbeitete Spirale, die das Design optisch und symbolisch erg\u00e4nzt. Das Schmuckst\u00fcck ist gr\u00f6\u00dfenverstellbar und l\u00e4sst sich individuell anpassen, wodurch es sowohl f\u00fcr den Alltag als auch f\u00fcr besondere Anl\u00e4sse geeignet ist. Das verwendete Messing verleiht der Kette eine warme, gold\u00e4hnliche Ausstrahlung und ist zugleich robust und langlebig.<\/p>\n<p>Die Spirale im Zentrum steht traditionell f\u00fcr innere Entwicklung, Energiefluss und Transformation. In Kombination mit dem Sonnenmotiv entsteht ein kraftvolles Symbol f\u00fcr Lebenskraft, Klarheit und spirituelles Wachstum. Diese Halskette kann als energetischer Begleiter dienen, der dabei unterst\u00fctzt, die eigene Mitte zu st\u00e4rken und positive Energie auszustrahlen.<\/p>\n","protected":false},"excerpt":{"rendered":"<p>Handgefertigte Halskette aus Messing mit einem Spiralen- sonnenmotiv.<\/p>\n","protected":false},"featured_media":735,"template":"","meta":[],"product_brand":[],"product_cat":[21,26],"product_tag":[54,141,50,140,115,49],"class_list":{"0":"post-104","1":"product","2":"type-product","3":"status-publish","4":"has-post-thumbnail","6":"product_cat-halsketten","7":"product_cat-messing","8":"product_tag-gold","9":"product_tag-halskette","10":"product_tag-messing","11":"product_tag-sommer","12":"product_tag-sonne","13":"product_tag-spirale","15":"first","16":"instock","17":"shipping-taxable","18":"purchasable","19":"product-type-simple"},"yoast_head":"<!-- This site is optimized with the Yoast SEO plugin v27.1.1 - https:\/\/yoast.com\/product\/yoast-seo-wordpress\/ -->\n<title>Lynn - ATELIER SACHER<\/title>\n<meta name=\"description\" content=\"Handgefertigte Halskette aus Messsing mit Sonnenmotiv. Das Zentrum bildet die ewige Spirale als Symbol f\u00fcr wiederkehrende Porzesse.\" \/>\n<meta name=\"robots\" content=\"index, follow, max-snippet:-1, max-image-preview:large, max-video-preview:-1\" \/>\n<link rel=\"canonical\" href=\"https:\/\/www.atelier-sacher.at\/?product=halskette-aus-messing-mit-sonnenmotiv\" \/>\n<meta property=\"og:locale\" content=\"de_DE\" \/>\n<meta property=\"og:type\" content=\"article\" \/>\n<meta property=\"og:title\" content=\"Lynn - ATELIER SACHER\" \/>\n<meta property=\"og:description\" content=\"Handgefertigte Halskette aus Messsing mit Sonnenmotiv. Das Zentrum bildet die ewige Spirale als Symbol f\u00fcr wiederkehrende Porzesse.\" \/>\n<meta property=\"og:url\" content=\"https:\/\/www.atelier-sacher.at\/?product=halskette-aus-messing-mit-sonnenmotiv\" \/>\n<meta property=\"og:site_name\" content=\"ATELIER SACHER\" \/>\n<meta property=\"article:modified_time\" content=\"2026-03-06T10:06:08+00:00\" \/>\n<meta property=\"og:image\" content=\"https:\/\/www.atelier-sacher.at\/wp-content\/uploads\/2025\/10\/DSC05163-scaled.jpg\" \/>\n\t<meta property=\"og:image:width\" content=\"1531\" \/>\n\t<meta property=\"og:image:height\" content=\"2560\" \/>\n\t<meta property=\"og:image:type\" content=\"image\/jpeg\" \/>\n<meta name=\"twitter:card\" content=\"summary_large_image\" \/>\n<meta name=\"twitter:label1\" content=\"Gesch\u00e4tzte Lesezeit\" \/>\n\t<meta name=\"twitter:data1\" content=\"1\u00a0Minute\" \/>\n<script type=\"application\/ld+json\" class=\"yoast-schema-graph\">{\"@context\":\"https:\/\/schema.org\",\"@graph\":[{\"@type\":\"WebPage\",\"@id\":\"https:\/\/www.atelier-sacher.at\/?product=halskette-aus-messing-mit-sonnenmotiv\",\"url\":\"https:\/\/www.atelier-sacher.at\/?product=halskette-aus-messing-mit-sonnenmotiv\",\"name\":\"Lynn - ATELIER SACHER\",\"isPartOf\":{\"@id\":\"https:\/\/www.atelier-sacher.at\/#website\"},\"primaryImageOfPage\":{\"@id\":\"https:\/\/www.atelier-sacher.at\/?product=halskette-aus-messing-mit-sonnenmotiv#primaryimage\"},\"image\":{\"@id\":\"https:\/\/www.atelier-sacher.at\/?product=halskette-aus-messing-mit-sonnenmotiv#primaryimage\"},\"thumbnailUrl\":\"https:\/\/www.atelier-sacher.at\/wp-content\/uploads\/2025\/10\/DSC05163-scaled.jpg\",\"datePublished\":\"2025-10-13T13:35:28+00:00\",\"dateModified\":\"2026-03-06T10:06:08+00:00\",\"description\":\"Handgefertigte Halskette aus Messsing mit Sonnenmotiv. Das Zentrum bildet die ewige Spirale als Symbol f\u00fcr wiederkehrende Porzesse.\",\"breadcrumb\":{\"@id\":\"https:\/\/www.atelier-sacher.at\/?product=halskette-aus-messing-mit-sonnenmotiv#breadcrumb\"},\"inLanguage\":\"de\",\"potentialAction\":[{\"@type\":\"ReadAction\",\"target\":[\"https:\/\/www.atelier-sacher.at\/?product=halskette-aus-messing-mit-sonnenmotiv\"]}]},{\"@type\":\"ImageObject\",\"inLanguage\":\"de\",\"@id\":\"https:\/\/www.atelier-sacher.at\/?product=halskette-aus-messing-mit-sonnenmotiv#primaryimage\",\"url\":\"https:\/\/www.atelier-sacher.at\/wp-content\/uploads\/2025\/10\/DSC05163-scaled.jpg\",\"contentUrl\":\"https:\/\/www.atelier-sacher.at\/wp-content\/uploads\/2025\/10\/DSC05163-scaled.jpg\",\"width\":1531,\"height\":2560},{\"@type\":\"BreadcrumbList\",\"@id\":\"https:\/\/www.atelier-sacher.at\/?product=halskette-aus-messing-mit-sonnenmotiv#breadcrumb\",\"itemListElement\":[{\"@type\":\"ListItem\",\"position\":1,\"name\":\"Start\",\"item\":\"https:\/\/www.atelier-sacher.at\/\"},{\"@type\":\"ListItem\",\"position\":2,\"name\":\"Shop\",\"item\":\"https:\/\/www.atelier-sacher.at\/?page_id=7\"},{\"@type\":\"ListItem\",\"position\":3,\"name\":\"Lynn\"}]},{\"@type\":\"WebSite\",\"@id\":\"https:\/\/www.atelier-sacher.at\/#website\",\"url\":\"https:\/\/www.atelier-sacher.at\/\",\"name\":\"Atelier Sacher\",\"description\":\"Handgefertigter Schmuck aus \u00d6sterreich\",\"publisher\":{\"@id\":\"https:\/\/www.atelier-sacher.at\/#organization\"},\"potentialAction\":[{\"@type\":\"SearchAction\",\"target\":{\"@type\":\"EntryPoint\",\"urlTemplate\":\"https:\/\/www.atelier-sacher.at\/?s={search_term_string}\"},\"query-input\":{\"@type\":\"PropertyValueSpecification\",\"valueRequired\":true,\"valueName\":\"search_term_string\"}}],\"inLanguage\":\"de\"},{\"@type\":\"Organization\",\"@id\":\"https:\/\/www.atelier-sacher.at\/#organization\",\"name\":\"Atelier Sacher\",\"url\":\"https:\/\/www.atelier-sacher.at\/\",\"logo\":{\"@type\":\"ImageObject\",\"inLanguage\":\"de\",\"@id\":\"https:\/\/www.atelier-sacher.at\/#\/schema\/logo\/image\/\",\"url\":\"https:\/\/www.atelier-sacher.at\/wp-content\/uploads\/2025\/12\/Logo.jpg\",\"contentUrl\":\"https:\/\/www.atelier-sacher.at\/wp-content\/uploads\/2025\/12\/Logo.jpg\",\"width\":183,\"height\":192,\"caption\":\"Atelier Sacher\"},\"image\":{\"@id\":\"https:\/\/www.atelier-sacher.at\/#\/schema\/logo\/image\/\"}}]}<\/script>\n<!-- \/ Yoast SEO plugin. -->","yoast_head_json":{"title":"Lynn - ATELIER SACHER","description":"Handgefertigte Halskette aus Messsing mit Sonnenmotiv. Das Zentrum bildet die ewige Spirale als Symbol f\u00fcr wiederkehrende Porzesse.","robots":{"index":"index","follow":"follow","max-snippet":"max-snippet:-1","max-image-preview":"max-image-preview:large","max-video-preview":"max-video-preview:-1"},"canonical":"https:\/\/www.atelier-sacher.at\/?product=halskette-aus-messing-mit-sonnenmotiv","og_locale":"de_DE","og_type":"article","og_title":"Lynn - ATELIER SACHER","og_description":"Handgefertigte Halskette aus Messsing mit Sonnenmotiv. Das Zentrum bildet die ewige Spirale als Symbol f\u00fcr wiederkehrende Porzesse.","og_url":"https:\/\/www.atelier-sacher.at\/?product=halskette-aus-messing-mit-sonnenmotiv","og_site_name":"ATELIER SACHER","article_modified_time":"2026-03-06T10:06:08+00:00","og_image":[{"width":1531,"height":2560,"url":"https:\/\/www.atelier-sacher.at\/wp-content\/uploads\/2025\/10\/DSC05163-scaled.jpg","type":"image\/jpeg"}],"twitter_card":"summary_large_image","twitter_misc":{"Gesch\u00e4tzte Lesezeit":"1\u00a0Minute"},"schema":{"@context":"https:\/\/schema.org","@graph":[{"@type":"WebPage","@id":"https:\/\/www.atelier-sacher.at\/?product=halskette-aus-messing-mit-sonnenmotiv","url":"https:\/\/www.atelier-sacher.at\/?product=halskette-aus-messing-mit-sonnenmotiv","name":"Lynn - ATELIER SACHER","isPartOf":{"@id":"https:\/\/www.atelier-sacher.at\/#website"},"primaryImageOfPage":{"@id":"https:\/\/www.atelier-sacher.at\/?product=halskette-aus-messing-mit-sonnenmotiv#primaryimage"},"image":{"@id":"https:\/\/www.atelier-sacher.at\/?product=halskette-aus-messing-mit-sonnenmotiv#primaryimage"},"thumbnailUrl":"https:\/\/www.atelier-sacher.at\/wp-content\/uploads\/2025\/10\/DSC05163-scaled.jpg","datePublished":"2025-10-13T13:35:28+00:00","dateModified":"2026-03-06T10:06:08+00:00","description":"Handgefertigte Halskette aus Messsing mit Sonnenmotiv. Das Zentrum bildet die ewige Spirale als Symbol f\u00fcr wiederkehrende Porzesse.","breadcrumb":{"@id":"https:\/\/www.atelier-sacher.at\/?product=halskette-aus-messing-mit-sonnenmotiv#breadcrumb"},"inLanguage":"de","potentialAction":[{"@type":"ReadAction","target":["https:\/\/www.atelier-sacher.at\/?product=halskette-aus-messing-mit-sonnenmotiv"]}]},{"@type":"ImageObject","inLanguage":"de","@id":"https:\/\/www.atelier-sacher.at\/?product=halskette-aus-messing-mit-sonnenmotiv#primaryimage","url":"https:\/\/www.atelier-sacher.at\/wp-content\/uploads\/2025\/10\/DSC05163-scaled.jpg","contentUrl":"https:\/\/www.atelier-sacher.at\/wp-content\/uploads\/2025\/10\/DSC05163-scaled.jpg","width":1531,"height":2560},{"@type":"BreadcrumbList","@id":"https:\/\/www.atelier-sacher.at\/?product=halskette-aus-messing-mit-sonnenmotiv#breadcrumb","itemListElement":[{"@type":"ListItem","position":1,"name":"Start","item":"https:\/\/www.atelier-sacher.at\/"},{"@type":"ListItem","position":2,"name":"Shop","item":"https:\/\/www.atelier-sacher.at\/?page_id=7"},{"@type":"ListItem","position":3,"name":"Lynn"}]},{"@type":"WebSite","@id":"https:\/\/www.atelier-sacher.at\/#website","url":"https:\/\/www.atelier-sacher.at\/","name":"Atelier Sacher","description":"Handgefertigter Schmuck aus \u00d6sterreich","publisher":{"@id":"https:\/\/www.atelier-sacher.at\/#organization"},"potentialAction":[{"@type":"SearchAction","target":{"@type":"EntryPoint","urlTemplate":"https:\/\/www.atelier-sacher.at\/?s={search_term_string}"},"query-input":{"@type":"PropertyValueSpecification","valueRequired":true,"valueName":"search_term_string"}}],"inLanguage":"de"},{"@type":"Organization","@id":"https:\/\/www.atelier-sacher.at\/#organization","name":"Atelier Sacher","url":"https:\/\/www.atelier-sacher.at\/","logo":{"@type":"ImageObject","inLanguage":"de","@id":"https:\/\/www.atelier-sacher.at\/#\/schema\/logo\/image\/","url":"https:\/\/www.atelier-sacher.at\/wp-content\/uploads\/2025\/12\/Logo.jpg","contentUrl":"https:\/\/www.atelier-sacher.at\/wp-content\/uploads\/2025\/12\/Logo.jpg","width":183,"height":192,"caption":"Atelier Sacher"},"image":{"@id":"https:\/\/www.atelier-sacher.at\/#\/schema\/logo\/image\/"}}]}},"_links":{"self":[{"href":"https:\/\/www.atelier-sacher.at\/index.php?rest_route=\/wp\/v2\/product\/104","targetHints":{"allow":["GET"]}}],"collection":[{"href":"https:\/\/www.atelier-sacher.at\/index.php?rest_route=\/wp\/v2\/product"}],"about":[{"href":"https:\/\/www.atelier-sacher.at\/index.php?rest_route=\/wp\/v2\/types\/product"}],"version-history":[{"count":4,"href":"https:\/\/www.atelier-sacher.at\/index.php?rest_route=\/wp\/v2\/product\/104\/revisions"}],"predecessor-version":[{"id":741,"href":"https:\/\/www.atelier-sacher.at\/index.php?rest_route=\/wp\/v2\/product\/104\/revisions\/741"}],"wp:featuredmedia":[{"embeddable":true,"href":"https:\/\/www.atelier-sacher.at\/index.php?rest_route=\/wp\/v2\/media\/735"}],"wp:attachment":[{"href":"https:\/\/www.atelier-sacher.at\/index.php?rest_route=%2Fwp%2Fv2%2Fmedia&parent=104"}],"wp:term":[{"taxonomy":"product_brand","embeddable":true,"href":"https:\/\/www.atelier-sacher.at\/index.php?rest_route=%2Fwp%2Fv2%2Fproduct_brand&post=104"},{"taxonomy":"product_cat","embeddable":true,"href":"https:\/\/www.atelier-sacher.at\/index.php?rest_route=%2Fwp%2Fv2%2Fproduct_cat&post=104"},{"taxonomy":"product_tag","embeddable":true,"href":"https:\/\/www.atelier-sacher.at\/index.php?rest_route=%2Fwp%2Fv2%2Fproduct_tag&post=104"}],"curies":[{"name":"wp","href":"https:\/\/api.w.org\/{rel}","templated":true}]}}