{"id":121,"date":"2025-10-13T16:15:35","date_gmt":"2025-10-13T14:15:35","guid":{"rendered":"https:\/\/www.atelier-sacher.at\/?post_type=product&#038;p=121"},"modified":"2026-03-06T12:13:16","modified_gmt":"2026-03-06T11:13:16","slug":"ohrringe-aus-edelstahl-in-spiralenform","status":"publish","type":"product","link":"https:\/\/www.atelier-sacher.at\/?product=ohrringe-aus-edelstahl-in-spiralenform","title":{"rendered":"Alenja"},"content":{"rendered":"<p>Diese Ohrringe wurden sorgf\u00e4ltig von Hand aus Edelstahl gefertigt und \u00fcberzeugen durch ihre elegante Spiralform, die zugleich modern und zeitlos wirkt. Edelstahl ist ein besonders widerstandsf\u00e4higes, langlebiges und hautfreundliches Material, das f\u00fcr seinen klaren silbernen Glanz gesch\u00e4tzt wird und sich auch bei t\u00e4glichem Tragen kaum verf\u00e4rbt. Spiralformen haben in vielen Kulturen eine lange Geschichte und stehen h\u00e4ufig f\u00fcr Wachstum, Energiefluss und Schutz. Der filigrane Schwung dieser Ohrringe betont ihre leichte, harmonische Ausstrahlung und macht sie zu einem individuellen Schmuckst\u00fcck f\u00fcr jeden Anlass.<\/p>\n","protected":false},"excerpt":{"rendered":"<p>Ohrringe aus Edelstahl in Spiralenform<\/p>\n","protected":false},"featured_media":356,"template":"","meta":[],"product_brand":[],"product_cat":[65,66,24],"product_tag":[137,69,68,67,49],"class_list":{"0":"post-121","1":"product","2":"type-product","3":"status-publish","4":"has-post-thumbnail","6":"product_cat-material-edelstahl","7":"product_cat-ohrringe-edelstahl","8":"product_cat-ohrringe","9":"product_tag-alenja","10":"product_tag-edelstahl","11":"product_tag-grosse-ohrringe","12":"product_tag-silber","13":"product_tag-spirale","14":"product_shipping_class-kleine-pakete","16":"first","17":"instock","18":"shipping-taxable","19":"purchasable","20":"product-type-simple"},"yoast_head":"<!-- This site is optimized with the Yoast SEO plugin v27.1.1 - https:\/\/yoast.com\/product\/yoast-seo-wordpress\/ -->\n<title>Alenja - ATELIER SACHER<\/title>\n<meta name=\"description\" content=\"Handgefertigte Ohrringe aus 100% hochwertigem Edelstahl hergestellt in \u00d6sterreich. Sie bestechen durch ihr auff\u00e4lliges Spiralendesign und \u00fcberzeugen mit Langlebigkeit.\" \/>\n<meta name=\"robots\" content=\"index, follow, max-snippet:-1, max-image-preview:large, max-video-preview:-1\" \/>\n<link rel=\"canonical\" href=\"https:\/\/www.atelier-sacher.at\/?product=ohrringe-aus-edelstahl-in-spiralenform\" \/>\n<meta property=\"og:locale\" content=\"de_DE\" \/>\n<meta property=\"og:type\" content=\"article\" \/>\n<meta property=\"og:title\" content=\"Alenja - ATELIER SACHER\" \/>\n<meta property=\"og:description\" content=\"Handgefertigte Ohrringe aus 100% hochwertigem Edelstahl hergestellt in \u00d6sterreich. Sie bestechen durch ihr auff\u00e4lliges Spiralendesign und \u00fcberzeugen mit Langlebigkeit.\" \/>\n<meta property=\"og:url\" content=\"https:\/\/www.atelier-sacher.at\/?product=ohrringe-aus-edelstahl-in-spiralenform\" \/>\n<meta property=\"og:site_name\" content=\"ATELIER SACHER\" \/>\n<meta property=\"article:modified_time\" content=\"2026-03-06T11:13:16+00:00\" \/>\n<meta property=\"og:image\" content=\"https:\/\/www.atelier-sacher.at\/wp-content\/uploads\/2025\/10\/DSC04201-scaled-e1763556438557.jpg\" \/>\n\t<meta property=\"og:image:width\" content=\"1536\" \/>\n\t<meta property=\"og:image:height\" content=\"2167\" \/>\n\t<meta property=\"og:image:type\" content=\"image\/jpeg\" \/>\n<meta name=\"twitter:card\" content=\"summary_large_image\" \/>\n<meta name=\"twitter:label1\" content=\"Gesch\u00e4tzte Lesezeit\" \/>\n\t<meta name=\"twitter:data1\" content=\"1\u00a0Minute\" \/>\n<script type=\"application\/ld+json\" class=\"yoast-schema-graph\">{\"@context\":\"https:\/\/schema.org\",\"@graph\":[{\"@type\":\"WebPage\",\"@id\":\"https:\/\/www.atelier-sacher.at\/?product=ohrringe-aus-edelstahl-in-spiralenform\",\"url\":\"https:\/\/www.atelier-sacher.at\/?product=ohrringe-aus-edelstahl-in-spiralenform\",\"name\":\"Alenja - ATELIER SACHER\",\"isPartOf\":{\"@id\":\"https:\/\/www.atelier-sacher.at\/#website\"},\"primaryImageOfPage\":{\"@id\":\"https:\/\/www.atelier-sacher.at\/?product=ohrringe-aus-edelstahl-in-spiralenform#primaryimage\"},\"image\":{\"@id\":\"https:\/\/www.atelier-sacher.at\/?product=ohrringe-aus-edelstahl-in-spiralenform#primaryimage\"},\"thumbnailUrl\":\"https:\/\/www.atelier-sacher.at\/wp-content\/uploads\/2025\/10\/DSC04201-scaled-e1763556438557.jpg\",\"datePublished\":\"2025-10-13T14:15:35+00:00\",\"dateModified\":\"2026-03-06T11:13:16+00:00\",\"description\":\"Handgefertigte Ohrringe aus 100% hochwertigem Edelstahl hergestellt in \u00d6sterreich. Sie bestechen durch ihr auff\u00e4lliges Spiralendesign und \u00fcberzeugen mit Langlebigkeit.\",\"breadcrumb\":{\"@id\":\"https:\/\/www.atelier-sacher.at\/?product=ohrringe-aus-edelstahl-in-spiralenform#breadcrumb\"},\"inLanguage\":\"de\",\"potentialAction\":[{\"@type\":\"ReadAction\",\"target\":[\"https:\/\/www.atelier-sacher.at\/?product=ohrringe-aus-edelstahl-in-spiralenform\"]}]},{\"@type\":\"ImageObject\",\"inLanguage\":\"de\",\"@id\":\"https:\/\/www.atelier-sacher.at\/?product=ohrringe-aus-edelstahl-in-spiralenform#primaryimage\",\"url\":\"https:\/\/www.atelier-sacher.at\/wp-content\/uploads\/2025\/10\/DSC04201-scaled-e1763556438557.jpg\",\"contentUrl\":\"https:\/\/www.atelier-sacher.at\/wp-content\/uploads\/2025\/10\/DSC04201-scaled-e1763556438557.jpg\",\"width\":1536,\"height\":2167},{\"@type\":\"BreadcrumbList\",\"@id\":\"https:\/\/www.atelier-sacher.at\/?product=ohrringe-aus-edelstahl-in-spiralenform#breadcrumb\",\"itemListElement\":[{\"@type\":\"ListItem\",\"position\":1,\"name\":\"Start\",\"item\":\"https:\/\/www.atelier-sacher.at\/\"},{\"@type\":\"ListItem\",\"position\":2,\"name\":\"Shop\",\"item\":\"https:\/\/www.atelier-sacher.at\/?page_id=7\"},{\"@type\":\"ListItem\",\"position\":3,\"name\":\"Alenja\"}]},{\"@type\":\"WebSite\",\"@id\":\"https:\/\/www.atelier-sacher.at\/#website\",\"url\":\"https:\/\/www.atelier-sacher.at\/\",\"name\":\"Atelier Sacher\",\"description\":\"Handgefertigter Schmuck aus \u00d6sterreich\",\"publisher\":{\"@id\":\"https:\/\/www.atelier-sacher.at\/#organization\"},\"potentialAction\":[{\"@type\":\"SearchAction\",\"target\":{\"@type\":\"EntryPoint\",\"urlTemplate\":\"https:\/\/www.atelier-sacher.at\/?s={search_term_string}\"},\"query-input\":{\"@type\":\"PropertyValueSpecification\",\"valueRequired\":true,\"valueName\":\"search_term_string\"}}],\"inLanguage\":\"de\"},{\"@type\":\"Organization\",\"@id\":\"https:\/\/www.atelier-sacher.at\/#organization\",\"name\":\"Atelier Sacher\",\"url\":\"https:\/\/www.atelier-sacher.at\/\",\"logo\":{\"@type\":\"ImageObject\",\"inLanguage\":\"de\",\"@id\":\"https:\/\/www.atelier-sacher.at\/#\/schema\/logo\/image\/\",\"url\":\"https:\/\/www.atelier-sacher.at\/wp-content\/uploads\/2025\/12\/Logo.jpg\",\"contentUrl\":\"https:\/\/www.atelier-sacher.at\/wp-content\/uploads\/2025\/12\/Logo.jpg\",\"width\":183,\"height\":192,\"caption\":\"Atelier Sacher\"},\"image\":{\"@id\":\"https:\/\/www.atelier-sacher.at\/#\/schema\/logo\/image\/\"}}]}<\/script>\n<!-- \/ Yoast SEO plugin. -->","yoast_head_json":{"title":"Alenja - ATELIER SACHER","description":"Handgefertigte Ohrringe aus 100% hochwertigem Edelstahl hergestellt in \u00d6sterreich. Sie bestechen durch ihr auff\u00e4lliges Spiralendesign und \u00fcberzeugen mit Langlebigkeit.","robots":{"index":"index","follow":"follow","max-snippet":"max-snippet:-1","max-image-preview":"max-image-preview:large","max-video-preview":"max-video-preview:-1"},"canonical":"https:\/\/www.atelier-sacher.at\/?product=ohrringe-aus-edelstahl-in-spiralenform","og_locale":"de_DE","og_type":"article","og_title":"Alenja - ATELIER SACHER","og_description":"Handgefertigte Ohrringe aus 100% hochwertigem Edelstahl hergestellt in \u00d6sterreich. Sie bestechen durch ihr auff\u00e4lliges Spiralendesign und \u00fcberzeugen mit Langlebigkeit.","og_url":"https:\/\/www.atelier-sacher.at\/?product=ohrringe-aus-edelstahl-in-spiralenform","og_site_name":"ATELIER SACHER","article_modified_time":"2026-03-06T11:13:16+00:00","og_image":[{"width":1536,"height":2167,"url":"https:\/\/www.atelier-sacher.at\/wp-content\/uploads\/2025\/10\/DSC04201-scaled-e1763556438557.jpg","type":"image\/jpeg"}],"twitter_card":"summary_large_image","twitter_misc":{"Gesch\u00e4tzte Lesezeit":"1\u00a0Minute"},"schema":{"@context":"https:\/\/schema.org","@graph":[{"@type":"WebPage","@id":"https:\/\/www.atelier-sacher.at\/?product=ohrringe-aus-edelstahl-in-spiralenform","url":"https:\/\/www.atelier-sacher.at\/?product=ohrringe-aus-edelstahl-in-spiralenform","name":"Alenja - ATELIER SACHER","isPartOf":{"@id":"https:\/\/www.atelier-sacher.at\/#website"},"primaryImageOfPage":{"@id":"https:\/\/www.atelier-sacher.at\/?product=ohrringe-aus-edelstahl-in-spiralenform#primaryimage"},"image":{"@id":"https:\/\/www.atelier-sacher.at\/?product=ohrringe-aus-edelstahl-in-spiralenform#primaryimage"},"thumbnailUrl":"https:\/\/www.atelier-sacher.at\/wp-content\/uploads\/2025\/10\/DSC04201-scaled-e1763556438557.jpg","datePublished":"2025-10-13T14:15:35+00:00","dateModified":"2026-03-06T11:13:16+00:00","description":"Handgefertigte Ohrringe aus 100% hochwertigem Edelstahl hergestellt in \u00d6sterreich. Sie bestechen durch ihr auff\u00e4lliges Spiralendesign und \u00fcberzeugen mit Langlebigkeit.","breadcrumb":{"@id":"https:\/\/www.atelier-sacher.at\/?product=ohrringe-aus-edelstahl-in-spiralenform#breadcrumb"},"inLanguage":"de","potentialAction":[{"@type":"ReadAction","target":["https:\/\/www.atelier-sacher.at\/?product=ohrringe-aus-edelstahl-in-spiralenform"]}]},{"@type":"ImageObject","inLanguage":"de","@id":"https:\/\/www.atelier-sacher.at\/?product=ohrringe-aus-edelstahl-in-spiralenform#primaryimage","url":"https:\/\/www.atelier-sacher.at\/wp-content\/uploads\/2025\/10\/DSC04201-scaled-e1763556438557.jpg","contentUrl":"https:\/\/www.atelier-sacher.at\/wp-content\/uploads\/2025\/10\/DSC04201-scaled-e1763556438557.jpg","width":1536,"height":2167},{"@type":"BreadcrumbList","@id":"https:\/\/www.atelier-sacher.at\/?product=ohrringe-aus-edelstahl-in-spiralenform#breadcrumb","itemListElement":[{"@type":"ListItem","position":1,"name":"Start","item":"https:\/\/www.atelier-sacher.at\/"},{"@type":"ListItem","position":2,"name":"Shop","item":"https:\/\/www.atelier-sacher.at\/?page_id=7"},{"@type":"ListItem","position":3,"name":"Alenja"}]},{"@type":"WebSite","@id":"https:\/\/www.atelier-sacher.at\/#website","url":"https:\/\/www.atelier-sacher.at\/","name":"Atelier Sacher","description":"Handgefertigter Schmuck aus \u00d6sterreich","publisher":{"@id":"https:\/\/www.atelier-sacher.at\/#organization"},"potentialAction":[{"@type":"SearchAction","target":{"@type":"EntryPoint","urlTemplate":"https:\/\/www.atelier-sacher.at\/?s={search_term_string}"},"query-input":{"@type":"PropertyValueSpecification","valueRequired":true,"valueName":"search_term_string"}}],"inLanguage":"de"},{"@type":"Organization","@id":"https:\/\/www.atelier-sacher.at\/#organization","name":"Atelier Sacher","url":"https:\/\/www.atelier-sacher.at\/","logo":{"@type":"ImageObject","inLanguage":"de","@id":"https:\/\/www.atelier-sacher.at\/#\/schema\/logo\/image\/","url":"https:\/\/www.atelier-sacher.at\/wp-content\/uploads\/2025\/12\/Logo.jpg","contentUrl":"https:\/\/www.atelier-sacher.at\/wp-content\/uploads\/2025\/12\/Logo.jpg","width":183,"height":192,"caption":"Atelier Sacher"},"image":{"@id":"https:\/\/www.atelier-sacher.at\/#\/schema\/logo\/image\/"}}]}},"_links":{"self":[{"href":"https:\/\/www.atelier-sacher.at\/index.php?rest_route=\/wp\/v2\/product\/121","targetHints":{"allow":["GET"]}}],"collection":[{"href":"https:\/\/www.atelier-sacher.at\/index.php?rest_route=\/wp\/v2\/product"}],"about":[{"href":"https:\/\/www.atelier-sacher.at\/index.php?rest_route=\/wp\/v2\/types\/product"}],"version-history":[{"count":4,"href":"https:\/\/www.atelier-sacher.at\/index.php?rest_route=\/wp\/v2\/product\/121\/revisions"}],"predecessor-version":[{"id":784,"href":"https:\/\/www.atelier-sacher.at\/index.php?rest_route=\/wp\/v2\/product\/121\/revisions\/784"}],"wp:featuredmedia":[{"embeddable":true,"href":"https:\/\/www.atelier-sacher.at\/index.php?rest_route=\/wp\/v2\/media\/356"}],"wp:attachment":[{"href":"https:\/\/www.atelier-sacher.at\/index.php?rest_route=%2Fwp%2Fv2%2Fmedia&parent=121"}],"wp:term":[{"taxonomy":"product_brand","embeddable":true,"href":"https:\/\/www.atelier-sacher.at\/index.php?rest_route=%2Fwp%2Fv2%2Fproduct_brand&post=121"},{"taxonomy":"product_cat","embeddable":true,"href":"https:\/\/www.atelier-sacher.at\/index.php?rest_route=%2Fwp%2Fv2%2Fproduct_cat&post=121"},{"taxonomy":"product_tag","embeddable":true,"href":"https:\/\/www.atelier-sacher.at\/index.php?rest_route=%2Fwp%2Fv2%2Fproduct_tag&post=121"}],"curies":[{"name":"wp","href":"https:\/\/api.w.org\/{rel}","templated":true}]}}