{"id":387,"date":"2025-11-19T14:25:11","date_gmt":"2025-11-19T13:25:11","guid":{"rendered":"https:\/\/www.atelier-sacher.at\/?post_type=product&#038;p=387"},"modified":"2026-03-06T12:08:45","modified_gmt":"2026-03-06T11:08:45","slug":"ring-aus-messing-im-glitzer-look","status":"publish","type":"product","link":"https:\/\/www.atelier-sacher.at\/?product=ring-aus-messing-im-glitzer-look","title":{"rendered":"Vendira"},"content":{"rendered":"<p>Der Ring wurde aus Messing handgefertigt und zeichnet sich durch eine strukturierte Glitzeroberfl\u00e4che aus. Er besticht durch seine klare, reduzierte Form. Messing ist eine robuste Kupfer-Zink-Legierung, die f\u00fcr ihre warme Goldfarbe, ihre Langlebigkeit und ihre gute Hautvertr\u00e4glichkeit gesch\u00e4tzt wird. Seit Jahrhunderten wird Messing in vielen Kulturen f\u00fcr Schmuck und rituelle Gegenst\u00e4nde verwendet \u2013 oft als Symbol f\u00fcr Schutz, Kraft und Stabilit\u00e4t. Mit seinem zeitlosen Design eignet sich dieser Ring ideal f\u00fcr den t\u00e4glichen Gebrauch und erg\u00e4nzt jedes Outfit auf dezente, elegante Weise.<\/p>\n","protected":false},"excerpt":{"rendered":"<p>Ring aus Messing im Glitzer Look<\/p>\n","protected":false},"featured_media":388,"template":"","meta":[],"product_brand":[],"product_cat":[26,20,86],"product_tag":[73,72,54,50,71,135],"class_list":{"0":"post-387","1":"product","2":"type-product","3":"status-publish","4":"has-post-thumbnail","6":"product_cat-messing","7":"product_cat-ringe","8":"product_cat-alle-ringe","9":"product_tag-festagsschmuck","10":"product_tag-glitzer","11":"product_tag-gold","12":"product_tag-messing","13":"product_tag-ring","14":"product_tag-vendira","15":"product_shipping_class-kleine-pakete","17":"first","18":"instock","19":"shipping-taxable","20":"purchasable","21":"product-type-variable"},"yoast_head":"<!-- This site is optimized with the Yoast SEO plugin v27.1.1 - https:\/\/yoast.com\/product\/yoast-seo-wordpress\/ -->\n<title>Vendira - ATELIER SACHER<\/title>\n<meta name=\"description\" content=\"Dieser Ring wurde handgefertigt aus 100% hochwertigem Messing in \u00d6sterreich. Er besticht durch seine glitzernde Oberfl\u00e4che und schlichtem Auftreten.\" \/>\n<meta name=\"robots\" content=\"index, follow, max-snippet:-1, max-image-preview:large, max-video-preview:-1\" \/>\n<link rel=\"canonical\" href=\"https:\/\/www.atelier-sacher.at\/?product=ring-aus-messing-im-glitzer-look\" \/>\n<meta property=\"og:locale\" content=\"de_DE\" \/>\n<meta property=\"og:type\" content=\"article\" \/>\n<meta property=\"og:title\" content=\"Vendira - ATELIER SACHER\" \/>\n<meta property=\"og:description\" content=\"Dieser Ring wurde handgefertigt aus 100% hochwertigem Messing in \u00d6sterreich. Er besticht durch seine glitzernde Oberfl\u00e4che und schlichtem Auftreten.\" \/>\n<meta property=\"og:url\" content=\"https:\/\/www.atelier-sacher.at\/?product=ring-aus-messing-im-glitzer-look\" \/>\n<meta property=\"og:site_name\" content=\"ATELIER SACHER\" \/>\n<meta property=\"article:modified_time\" content=\"2026-03-06T11:08:45+00:00\" \/>\n<meta property=\"og:image\" content=\"https:\/\/www.atelier-sacher.at\/wp-content\/uploads\/2025\/11\/DSC04140-scaled-e1763558265631.jpg\" \/>\n\t<meta property=\"og:image:width\" content=\"1370\" \/>\n\t<meta property=\"og:image:height\" content=\"2283\" \/>\n\t<meta property=\"og:image:type\" content=\"image\/jpeg\" \/>\n<meta name=\"twitter:card\" content=\"summary_large_image\" \/>\n<meta name=\"twitter:label1\" content=\"Gesch\u00e4tzte Lesezeit\" \/>\n\t<meta name=\"twitter:data1\" content=\"1\u00a0Minute\" \/>\n<script type=\"application\/ld+json\" class=\"yoast-schema-graph\">{\"@context\":\"https:\/\/schema.org\",\"@graph\":[{\"@type\":\"WebPage\",\"@id\":\"https:\/\/www.atelier-sacher.at\/?product=ring-aus-messing-im-glitzer-look\",\"url\":\"https:\/\/www.atelier-sacher.at\/?product=ring-aus-messing-im-glitzer-look\",\"name\":\"Vendira - ATELIER SACHER\",\"isPartOf\":{\"@id\":\"https:\/\/www.atelier-sacher.at\/#website\"},\"primaryImageOfPage\":{\"@id\":\"https:\/\/www.atelier-sacher.at\/?product=ring-aus-messing-im-glitzer-look#primaryimage\"},\"image\":{\"@id\":\"https:\/\/www.atelier-sacher.at\/?product=ring-aus-messing-im-glitzer-look#primaryimage\"},\"thumbnailUrl\":\"https:\/\/www.atelier-sacher.at\/wp-content\/uploads\/2025\/11\/DSC04140-scaled-e1763558265631.jpg\",\"datePublished\":\"2025-11-19T13:25:11+00:00\",\"dateModified\":\"2026-03-06T11:08:45+00:00\",\"description\":\"Dieser Ring wurde handgefertigt aus 100% hochwertigem Messing in \u00d6sterreich. Er besticht durch seine glitzernde Oberfl\u00e4che und schlichtem Auftreten.\",\"breadcrumb\":{\"@id\":\"https:\/\/www.atelier-sacher.at\/?product=ring-aus-messing-im-glitzer-look#breadcrumb\"},\"inLanguage\":\"de\",\"potentialAction\":[{\"@type\":\"ReadAction\",\"target\":[\"https:\/\/www.atelier-sacher.at\/?product=ring-aus-messing-im-glitzer-look\"]}]},{\"@type\":\"ImageObject\",\"inLanguage\":\"de\",\"@id\":\"https:\/\/www.atelier-sacher.at\/?product=ring-aus-messing-im-glitzer-look#primaryimage\",\"url\":\"https:\/\/www.atelier-sacher.at\/wp-content\/uploads\/2025\/11\/DSC04140-scaled-e1763558265631.jpg\",\"contentUrl\":\"https:\/\/www.atelier-sacher.at\/wp-content\/uploads\/2025\/11\/DSC04140-scaled-e1763558265631.jpg\",\"width\":1370,\"height\":2283},{\"@type\":\"BreadcrumbList\",\"@id\":\"https:\/\/www.atelier-sacher.at\/?product=ring-aus-messing-im-glitzer-look#breadcrumb\",\"itemListElement\":[{\"@type\":\"ListItem\",\"position\":1,\"name\":\"Start\",\"item\":\"https:\/\/www.atelier-sacher.at\/\"},{\"@type\":\"ListItem\",\"position\":2,\"name\":\"Shop\",\"item\":\"https:\/\/www.atelier-sacher.at\/?page_id=7\"},{\"@type\":\"ListItem\",\"position\":3,\"name\":\"Vendira\"}]},{\"@type\":\"WebSite\",\"@id\":\"https:\/\/www.atelier-sacher.at\/#website\",\"url\":\"https:\/\/www.atelier-sacher.at\/\",\"name\":\"Atelier Sacher\",\"description\":\"Handgefertigter Schmuck aus \u00d6sterreich\",\"publisher\":{\"@id\":\"https:\/\/www.atelier-sacher.at\/#organization\"},\"potentialAction\":[{\"@type\":\"SearchAction\",\"target\":{\"@type\":\"EntryPoint\",\"urlTemplate\":\"https:\/\/www.atelier-sacher.at\/?s={search_term_string}\"},\"query-input\":{\"@type\":\"PropertyValueSpecification\",\"valueRequired\":true,\"valueName\":\"search_term_string\"}}],\"inLanguage\":\"de\"},{\"@type\":\"Organization\",\"@id\":\"https:\/\/www.atelier-sacher.at\/#organization\",\"name\":\"Atelier Sacher\",\"url\":\"https:\/\/www.atelier-sacher.at\/\",\"logo\":{\"@type\":\"ImageObject\",\"inLanguage\":\"de\",\"@id\":\"https:\/\/www.atelier-sacher.at\/#\/schema\/logo\/image\/\",\"url\":\"https:\/\/www.atelier-sacher.at\/wp-content\/uploads\/2025\/12\/Logo.jpg\",\"contentUrl\":\"https:\/\/www.atelier-sacher.at\/wp-content\/uploads\/2025\/12\/Logo.jpg\",\"width\":183,\"height\":192,\"caption\":\"Atelier Sacher\"},\"image\":{\"@id\":\"https:\/\/www.atelier-sacher.at\/#\/schema\/logo\/image\/\"}}]}<\/script>\n<!-- \/ Yoast SEO plugin. -->","yoast_head_json":{"title":"Vendira - ATELIER SACHER","description":"Dieser Ring wurde handgefertigt aus 100% hochwertigem Messing in \u00d6sterreich. Er besticht durch seine glitzernde Oberfl\u00e4che und schlichtem Auftreten.","robots":{"index":"index","follow":"follow","max-snippet":"max-snippet:-1","max-image-preview":"max-image-preview:large","max-video-preview":"max-video-preview:-1"},"canonical":"https:\/\/www.atelier-sacher.at\/?product=ring-aus-messing-im-glitzer-look","og_locale":"de_DE","og_type":"article","og_title":"Vendira - ATELIER SACHER","og_description":"Dieser Ring wurde handgefertigt aus 100% hochwertigem Messing in \u00d6sterreich. Er besticht durch seine glitzernde Oberfl\u00e4che und schlichtem Auftreten.","og_url":"https:\/\/www.atelier-sacher.at\/?product=ring-aus-messing-im-glitzer-look","og_site_name":"ATELIER SACHER","article_modified_time":"2026-03-06T11:08:45+00:00","og_image":[{"width":1370,"height":2283,"url":"https:\/\/www.atelier-sacher.at\/wp-content\/uploads\/2025\/11\/DSC04140-scaled-e1763558265631.jpg","type":"image\/jpeg"}],"twitter_card":"summary_large_image","twitter_misc":{"Gesch\u00e4tzte Lesezeit":"1\u00a0Minute"},"schema":{"@context":"https:\/\/schema.org","@graph":[{"@type":"WebPage","@id":"https:\/\/www.atelier-sacher.at\/?product=ring-aus-messing-im-glitzer-look","url":"https:\/\/www.atelier-sacher.at\/?product=ring-aus-messing-im-glitzer-look","name":"Vendira - ATELIER SACHER","isPartOf":{"@id":"https:\/\/www.atelier-sacher.at\/#website"},"primaryImageOfPage":{"@id":"https:\/\/www.atelier-sacher.at\/?product=ring-aus-messing-im-glitzer-look#primaryimage"},"image":{"@id":"https:\/\/www.atelier-sacher.at\/?product=ring-aus-messing-im-glitzer-look#primaryimage"},"thumbnailUrl":"https:\/\/www.atelier-sacher.at\/wp-content\/uploads\/2025\/11\/DSC04140-scaled-e1763558265631.jpg","datePublished":"2025-11-19T13:25:11+00:00","dateModified":"2026-03-06T11:08:45+00:00","description":"Dieser Ring wurde handgefertigt aus 100% hochwertigem Messing in \u00d6sterreich. Er besticht durch seine glitzernde Oberfl\u00e4che und schlichtem Auftreten.","breadcrumb":{"@id":"https:\/\/www.atelier-sacher.at\/?product=ring-aus-messing-im-glitzer-look#breadcrumb"},"inLanguage":"de","potentialAction":[{"@type":"ReadAction","target":["https:\/\/www.atelier-sacher.at\/?product=ring-aus-messing-im-glitzer-look"]}]},{"@type":"ImageObject","inLanguage":"de","@id":"https:\/\/www.atelier-sacher.at\/?product=ring-aus-messing-im-glitzer-look#primaryimage","url":"https:\/\/www.atelier-sacher.at\/wp-content\/uploads\/2025\/11\/DSC04140-scaled-e1763558265631.jpg","contentUrl":"https:\/\/www.atelier-sacher.at\/wp-content\/uploads\/2025\/11\/DSC04140-scaled-e1763558265631.jpg","width":1370,"height":2283},{"@type":"BreadcrumbList","@id":"https:\/\/www.atelier-sacher.at\/?product=ring-aus-messing-im-glitzer-look#breadcrumb","itemListElement":[{"@type":"ListItem","position":1,"name":"Start","item":"https:\/\/www.atelier-sacher.at\/"},{"@type":"ListItem","position":2,"name":"Shop","item":"https:\/\/www.atelier-sacher.at\/?page_id=7"},{"@type":"ListItem","position":3,"name":"Vendira"}]},{"@type":"WebSite","@id":"https:\/\/www.atelier-sacher.at\/#website","url":"https:\/\/www.atelier-sacher.at\/","name":"Atelier Sacher","description":"Handgefertigter Schmuck aus \u00d6sterreich","publisher":{"@id":"https:\/\/www.atelier-sacher.at\/#organization"},"potentialAction":[{"@type":"SearchAction","target":{"@type":"EntryPoint","urlTemplate":"https:\/\/www.atelier-sacher.at\/?s={search_term_string}"},"query-input":{"@type":"PropertyValueSpecification","valueRequired":true,"valueName":"search_term_string"}}],"inLanguage":"de"},{"@type":"Organization","@id":"https:\/\/www.atelier-sacher.at\/#organization","name":"Atelier Sacher","url":"https:\/\/www.atelier-sacher.at\/","logo":{"@type":"ImageObject","inLanguage":"de","@id":"https:\/\/www.atelier-sacher.at\/#\/schema\/logo\/image\/","url":"https:\/\/www.atelier-sacher.at\/wp-content\/uploads\/2025\/12\/Logo.jpg","contentUrl":"https:\/\/www.atelier-sacher.at\/wp-content\/uploads\/2025\/12\/Logo.jpg","width":183,"height":192,"caption":"Atelier Sacher"},"image":{"@id":"https:\/\/www.atelier-sacher.at\/#\/schema\/logo\/image\/"}}]}},"_links":{"self":[{"href":"https:\/\/www.atelier-sacher.at\/index.php?rest_route=\/wp\/v2\/product\/387","targetHints":{"allow":["GET"]}}],"collection":[{"href":"https:\/\/www.atelier-sacher.at\/index.php?rest_route=\/wp\/v2\/product"}],"about":[{"href":"https:\/\/www.atelier-sacher.at\/index.php?rest_route=\/wp\/v2\/types\/product"}],"version-history":[{"count":5,"href":"https:\/\/www.atelier-sacher.at\/index.php?rest_route=\/wp\/v2\/product\/387\/revisions"}],"predecessor-version":[{"id":783,"href":"https:\/\/www.atelier-sacher.at\/index.php?rest_route=\/wp\/v2\/product\/387\/revisions\/783"}],"wp:featuredmedia":[{"embeddable":true,"href":"https:\/\/www.atelier-sacher.at\/index.php?rest_route=\/wp\/v2\/media\/388"}],"wp:attachment":[{"href":"https:\/\/www.atelier-sacher.at\/index.php?rest_route=%2Fwp%2Fv2%2Fmedia&parent=387"}],"wp:term":[{"taxonomy":"product_brand","embeddable":true,"href":"https:\/\/www.atelier-sacher.at\/index.php?rest_route=%2Fwp%2Fv2%2Fproduct_brand&post=387"},{"taxonomy":"product_cat","embeddable":true,"href":"https:\/\/www.atelier-sacher.at\/index.php?rest_route=%2Fwp%2Fv2%2Fproduct_cat&post=387"},{"taxonomy":"product_tag","embeddable":true,"href":"https:\/\/www.atelier-sacher.at\/index.php?rest_route=%2Fwp%2Fv2%2Fproduct_tag&post=387"}],"curies":[{"name":"wp","href":"https:\/\/api.w.org\/{rel}","templated":true}]}}