{"id":401,"date":"2025-11-19T14:44:18","date_gmt":"2025-11-19T13:44:18","guid":{"rendered":"https:\/\/www.atelier-sacher.at\/?post_type=product&#038;p=401"},"modified":"2026-03-06T11:47:29","modified_gmt":"2026-03-06T10:47:29","slug":"rigani","status":"publish","type":"product","link":"https:\/\/www.atelier-sacher.at\/?product=rigani","title":{"rendered":"Rigani"},"content":{"rendered":"<p>Dieser Armreif wurde sorgf\u00e4ltig von Hand aus Messing gefertigt und besitzt eine dezent goldschimmernde Oberfl\u00e4che. Messing ist eine robuste Kupfer-Zink-Legierung, die f\u00fcr ihre Langlebigkeit, ihre warme Goldfarbe und ihre gute Hautvertr\u00e4glichkeit gesch\u00e4tzt wird. In vielen Kulturen wurde Messing seit Jahrhunderten f\u00fcr Schmuck und rituelle Gegenst\u00e4nde verwendet \u2013 h\u00e4ufig als Symbol f\u00fcr Schutz, innere St\u00e4rke und Klarheit.<\/p>\n","protected":false},"excerpt":{"rendered":"<p>Armreif aus Messing mit feinen Details<\/p>\n","protected":false},"featured_media":403,"template":"","meta":[],"product_brand":[],"product_cat":[22,26],"product_tag":[74,76,54,50,133],"class_list":{"0":"post-401","1":"product","2":"type-product","3":"status-publish","4":"has-post-thumbnail","6":"product_cat-armreifen","7":"product_cat-messing","8":"product_tag-armreif","9":"product_tag-details","10":"product_tag-gold","11":"product_tag-messing","12":"product_tag-rigani","13":"product_shipping_class-kleine-pakete","15":"first","16":"instock","17":"shipping-taxable","18":"purchasable","19":"product-type-simple"},"yoast_head":"<!-- This site is optimized with the Yoast SEO plugin v27.1.1 - https:\/\/yoast.com\/product\/yoast-seo-wordpress\/ -->\n<title>Rigani - ATELIER SACHER<\/title>\n<meta name=\"description\" content=\"Handgefertigter Armreif aus Messing feinen Details, hergestellt in \u00d6sterreich. Dein besonderes Etwas f\u00fcr jeden Anlass.Gr\u00f6\u00dfenverstellbar.\" \/>\n<meta name=\"robots\" content=\"index, follow, max-snippet:-1, max-image-preview:large, max-video-preview:-1\" \/>\n<link rel=\"canonical\" href=\"https:\/\/www.atelier-sacher.at\/?product=rigani\" \/>\n<meta property=\"og:locale\" content=\"de_DE\" \/>\n<meta property=\"og:type\" content=\"article\" \/>\n<meta property=\"og:title\" content=\"Rigani - ATELIER SACHER\" \/>\n<meta property=\"og:description\" content=\"Handgefertigter Armreif aus Messing feinen Details, hergestellt in \u00d6sterreich. Dein besonderes Etwas f\u00fcr jeden Anlass.Gr\u00f6\u00dfenverstellbar.\" \/>\n<meta property=\"og:url\" content=\"https:\/\/www.atelier-sacher.at\/?product=rigani\" \/>\n<meta property=\"og:site_name\" content=\"ATELIER SACHER\" \/>\n<meta property=\"article:modified_time\" content=\"2026-03-06T10:47:29+00:00\" \/>\n<meta property=\"og:image\" content=\"https:\/\/www.atelier-sacher.at\/wp-content\/uploads\/2025\/11\/DSC04147-scaled-e1763559579153.jpg\" \/>\n\t<meta property=\"og:image:width\" content=\"1638\" \/>\n\t<meta property=\"og:image:height\" content=\"2560\" \/>\n\t<meta property=\"og:image:type\" content=\"image\/jpeg\" \/>\n<meta name=\"twitter:card\" content=\"summary_large_image\" \/>\n<meta name=\"twitter:label1\" content=\"Gesch\u00e4tzte Lesezeit\" \/>\n\t<meta name=\"twitter:data1\" content=\"1\u00a0Minute\" \/>\n<script type=\"application\/ld+json\" class=\"yoast-schema-graph\">{\"@context\":\"https:\/\/schema.org\",\"@graph\":[{\"@type\":\"WebPage\",\"@id\":\"https:\/\/www.atelier-sacher.at\/?product=rigani\",\"url\":\"https:\/\/www.atelier-sacher.at\/?product=rigani\",\"name\":\"Rigani - ATELIER SACHER\",\"isPartOf\":{\"@id\":\"https:\/\/www.atelier-sacher.at\/#website\"},\"primaryImageOfPage\":{\"@id\":\"https:\/\/www.atelier-sacher.at\/?product=rigani#primaryimage\"},\"image\":{\"@id\":\"https:\/\/www.atelier-sacher.at\/?product=rigani#primaryimage\"},\"thumbnailUrl\":\"https:\/\/www.atelier-sacher.at\/wp-content\/uploads\/2025\/11\/DSC04147-scaled-e1763559579153.jpg\",\"datePublished\":\"2025-11-19T13:44:18+00:00\",\"dateModified\":\"2026-03-06T10:47:29+00:00\",\"description\":\"Handgefertigter Armreif aus Messing feinen Details, hergestellt in \u00d6sterreich. Dein besonderes Etwas f\u00fcr jeden Anlass.Gr\u00f6\u00dfenverstellbar.\",\"breadcrumb\":{\"@id\":\"https:\/\/www.atelier-sacher.at\/?product=rigani#breadcrumb\"},\"inLanguage\":\"de\",\"potentialAction\":[{\"@type\":\"ReadAction\",\"target\":[\"https:\/\/www.atelier-sacher.at\/?product=rigani\"]}]},{\"@type\":\"ImageObject\",\"inLanguage\":\"de\",\"@id\":\"https:\/\/www.atelier-sacher.at\/?product=rigani#primaryimage\",\"url\":\"https:\/\/www.atelier-sacher.at\/wp-content\/uploads\/2025\/11\/DSC04147-scaled-e1763559579153.jpg\",\"contentUrl\":\"https:\/\/www.atelier-sacher.at\/wp-content\/uploads\/2025\/11\/DSC04147-scaled-e1763559579153.jpg\",\"width\":1638,\"height\":2560},{\"@type\":\"BreadcrumbList\",\"@id\":\"https:\/\/www.atelier-sacher.at\/?product=rigani#breadcrumb\",\"itemListElement\":[{\"@type\":\"ListItem\",\"position\":1,\"name\":\"Start\",\"item\":\"https:\/\/www.atelier-sacher.at\/\"},{\"@type\":\"ListItem\",\"position\":2,\"name\":\"Shop\",\"item\":\"https:\/\/www.atelier-sacher.at\/?page_id=7\"},{\"@type\":\"ListItem\",\"position\":3,\"name\":\"Rigani\"}]},{\"@type\":\"WebSite\",\"@id\":\"https:\/\/www.atelier-sacher.at\/#website\",\"url\":\"https:\/\/www.atelier-sacher.at\/\",\"name\":\"Atelier Sacher\",\"description\":\"Handgefertigter Schmuck aus \u00d6sterreich\",\"publisher\":{\"@id\":\"https:\/\/www.atelier-sacher.at\/#organization\"},\"potentialAction\":[{\"@type\":\"SearchAction\",\"target\":{\"@type\":\"EntryPoint\",\"urlTemplate\":\"https:\/\/www.atelier-sacher.at\/?s={search_term_string}\"},\"query-input\":{\"@type\":\"PropertyValueSpecification\",\"valueRequired\":true,\"valueName\":\"search_term_string\"}}],\"inLanguage\":\"de\"},{\"@type\":\"Organization\",\"@id\":\"https:\/\/www.atelier-sacher.at\/#organization\",\"name\":\"Atelier Sacher\",\"url\":\"https:\/\/www.atelier-sacher.at\/\",\"logo\":{\"@type\":\"ImageObject\",\"inLanguage\":\"de\",\"@id\":\"https:\/\/www.atelier-sacher.at\/#\/schema\/logo\/image\/\",\"url\":\"https:\/\/www.atelier-sacher.at\/wp-content\/uploads\/2025\/12\/Logo.jpg\",\"contentUrl\":\"https:\/\/www.atelier-sacher.at\/wp-content\/uploads\/2025\/12\/Logo.jpg\",\"width\":183,\"height\":192,\"caption\":\"Atelier Sacher\"},\"image\":{\"@id\":\"https:\/\/www.atelier-sacher.at\/#\/schema\/logo\/image\/\"}}]}<\/script>\n<!-- \/ Yoast SEO plugin. -->","yoast_head_json":{"title":"Rigani - ATELIER SACHER","description":"Handgefertigter Armreif aus Messing feinen Details, hergestellt in \u00d6sterreich. Dein besonderes Etwas f\u00fcr jeden Anlass.Gr\u00f6\u00dfenverstellbar.","robots":{"index":"index","follow":"follow","max-snippet":"max-snippet:-1","max-image-preview":"max-image-preview:large","max-video-preview":"max-video-preview:-1"},"canonical":"https:\/\/www.atelier-sacher.at\/?product=rigani","og_locale":"de_DE","og_type":"article","og_title":"Rigani - ATELIER SACHER","og_description":"Handgefertigter Armreif aus Messing feinen Details, hergestellt in \u00d6sterreich. Dein besonderes Etwas f\u00fcr jeden Anlass.Gr\u00f6\u00dfenverstellbar.","og_url":"https:\/\/www.atelier-sacher.at\/?product=rigani","og_site_name":"ATELIER SACHER","article_modified_time":"2026-03-06T10:47:29+00:00","og_image":[{"width":1638,"height":2560,"url":"https:\/\/www.atelier-sacher.at\/wp-content\/uploads\/2025\/11\/DSC04147-scaled-e1763559579153.jpg","type":"image\/jpeg"}],"twitter_card":"summary_large_image","twitter_misc":{"Gesch\u00e4tzte Lesezeit":"1\u00a0Minute"},"schema":{"@context":"https:\/\/schema.org","@graph":[{"@type":"WebPage","@id":"https:\/\/www.atelier-sacher.at\/?product=rigani","url":"https:\/\/www.atelier-sacher.at\/?product=rigani","name":"Rigani - ATELIER SACHER","isPartOf":{"@id":"https:\/\/www.atelier-sacher.at\/#website"},"primaryImageOfPage":{"@id":"https:\/\/www.atelier-sacher.at\/?product=rigani#primaryimage"},"image":{"@id":"https:\/\/www.atelier-sacher.at\/?product=rigani#primaryimage"},"thumbnailUrl":"https:\/\/www.atelier-sacher.at\/wp-content\/uploads\/2025\/11\/DSC04147-scaled-e1763559579153.jpg","datePublished":"2025-11-19T13:44:18+00:00","dateModified":"2026-03-06T10:47:29+00:00","description":"Handgefertigter Armreif aus Messing feinen Details, hergestellt in \u00d6sterreich. Dein besonderes Etwas f\u00fcr jeden Anlass.Gr\u00f6\u00dfenverstellbar.","breadcrumb":{"@id":"https:\/\/www.atelier-sacher.at\/?product=rigani#breadcrumb"},"inLanguage":"de","potentialAction":[{"@type":"ReadAction","target":["https:\/\/www.atelier-sacher.at\/?product=rigani"]}]},{"@type":"ImageObject","inLanguage":"de","@id":"https:\/\/www.atelier-sacher.at\/?product=rigani#primaryimage","url":"https:\/\/www.atelier-sacher.at\/wp-content\/uploads\/2025\/11\/DSC04147-scaled-e1763559579153.jpg","contentUrl":"https:\/\/www.atelier-sacher.at\/wp-content\/uploads\/2025\/11\/DSC04147-scaled-e1763559579153.jpg","width":1638,"height":2560},{"@type":"BreadcrumbList","@id":"https:\/\/www.atelier-sacher.at\/?product=rigani#breadcrumb","itemListElement":[{"@type":"ListItem","position":1,"name":"Start","item":"https:\/\/www.atelier-sacher.at\/"},{"@type":"ListItem","position":2,"name":"Shop","item":"https:\/\/www.atelier-sacher.at\/?page_id=7"},{"@type":"ListItem","position":3,"name":"Rigani"}]},{"@type":"WebSite","@id":"https:\/\/www.atelier-sacher.at\/#website","url":"https:\/\/www.atelier-sacher.at\/","name":"Atelier Sacher","description":"Handgefertigter Schmuck aus \u00d6sterreich","publisher":{"@id":"https:\/\/www.atelier-sacher.at\/#organization"},"potentialAction":[{"@type":"SearchAction","target":{"@type":"EntryPoint","urlTemplate":"https:\/\/www.atelier-sacher.at\/?s={search_term_string}"},"query-input":{"@type":"PropertyValueSpecification","valueRequired":true,"valueName":"search_term_string"}}],"inLanguage":"de"},{"@type":"Organization","@id":"https:\/\/www.atelier-sacher.at\/#organization","name":"Atelier Sacher","url":"https:\/\/www.atelier-sacher.at\/","logo":{"@type":"ImageObject","inLanguage":"de","@id":"https:\/\/www.atelier-sacher.at\/#\/schema\/logo\/image\/","url":"https:\/\/www.atelier-sacher.at\/wp-content\/uploads\/2025\/12\/Logo.jpg","contentUrl":"https:\/\/www.atelier-sacher.at\/wp-content\/uploads\/2025\/12\/Logo.jpg","width":183,"height":192,"caption":"Atelier Sacher"},"image":{"@id":"https:\/\/www.atelier-sacher.at\/#\/schema\/logo\/image\/"}}]}},"_links":{"self":[{"href":"https:\/\/www.atelier-sacher.at\/index.php?rest_route=\/wp\/v2\/product\/401","targetHints":{"allow":["GET"]}}],"collection":[{"href":"https:\/\/www.atelier-sacher.at\/index.php?rest_route=\/wp\/v2\/product"}],"about":[{"href":"https:\/\/www.atelier-sacher.at\/index.php?rest_route=\/wp\/v2\/types\/product"}],"version-history":[{"count":4,"href":"https:\/\/www.atelier-sacher.at\/index.php?rest_route=\/wp\/v2\/product\/401\/revisions"}],"predecessor-version":[{"id":768,"href":"https:\/\/www.atelier-sacher.at\/index.php?rest_route=\/wp\/v2\/product\/401\/revisions\/768"}],"wp:featuredmedia":[{"embeddable":true,"href":"https:\/\/www.atelier-sacher.at\/index.php?rest_route=\/wp\/v2\/media\/403"}],"wp:attachment":[{"href":"https:\/\/www.atelier-sacher.at\/index.php?rest_route=%2Fwp%2Fv2%2Fmedia&parent=401"}],"wp:term":[{"taxonomy":"product_brand","embeddable":true,"href":"https:\/\/www.atelier-sacher.at\/index.php?rest_route=%2Fwp%2Fv2%2Fproduct_brand&post=401"},{"taxonomy":"product_cat","embeddable":true,"href":"https:\/\/www.atelier-sacher.at\/index.php?rest_route=%2Fwp%2Fv2%2Fproduct_cat&post=401"},{"taxonomy":"product_tag","embeddable":true,"href":"https:\/\/www.atelier-sacher.at\/index.php?rest_route=%2Fwp%2Fv2%2Fproduct_tag&post=401"}],"curies":[{"name":"wp","href":"https:\/\/api.w.org\/{rel}","templated":true}]}}