{"id":418,"date":"2025-11-19T14:58:33","date_gmt":"2025-11-19T13:58:33","guid":{"rendered":"https:\/\/www.atelier-sacher.at\/?post_type=product&#038;p=418"},"modified":"2026-03-06T11:43:25","modified_gmt":"2026-03-06T10:43:25","slug":"armreif-aus-edelstahl-mit-feiner-struktur","status":"publish","type":"product","link":"https:\/\/www.atelier-sacher.at\/?product=armreif-aus-edelstahl-mit-feiner-struktur","title":{"rendered":"Arwen"},"content":{"rendered":"<p>Dieser Armreif wurde sorgf\u00e4ltig von Hand aus Edelstahl gefertigt und besitzt eine klar gl\u00e4nzende, silbern schimmernde Oberfl\u00e4che. Edelstahl ist ein \u00e4u\u00dferst robustes, langlebiges und hautfreundliches Material, das weder anl\u00e4uft noch leicht verf\u00e4rbt. Seit der modernen Verarbeitung von Metallen wird Edelstahl wegen seiner Reinheit, Best\u00e4ndigkeit und Symbolkraft gesch\u00e4tzt \u2013 h\u00e4ufig steht er f\u00fcr Klarheit, St\u00e4rke und Best\u00e4ndigkeit.<\/p>\n","protected":false},"excerpt":{"rendered":"<p>Handgefertigter Armreif aus Edelstahl mit auff\u00e4lligen Details<\/p>\n","protected":false},"featured_media":420,"template":"","meta":[],"product_brand":[],"product_cat":[79,84,65],"product_tag":[131,80,67,59],"class_list":{"0":"post-418","1":"product","2":"type-product","3":"status-publish","4":"has-post-thumbnail","6":"product_cat-armreifen-edelstahl","7":"product_cat-alle-armreifen","8":"product_cat-material-edelstahl","9":"product_tag-arwen","10":"product_tag-edelstahl-armreif","11":"product_tag-silber","12":"product_tag-statement","13":"product_shipping_class-kleine-pakete","15":"first","16":"instock","17":"shipping-taxable","18":"purchasable","19":"product-type-simple"},"yoast_head":"<!-- This site is optimized with the Yoast SEO plugin v27.1.1 - https:\/\/yoast.com\/product\/yoast-seo-wordpress\/ -->\n<title>Arwen - ATELIER SACHER<\/title>\n<meta name=\"description\" content=\"EIn Armreif mit feiner Musterung, handgefertigt aus 100% hochwertigem Edestahl in \u00d6sterreich. Dein treuer Begleiter f\u00fcr eine lange Zeit.\" \/>\n<meta name=\"robots\" content=\"index, follow, max-snippet:-1, max-image-preview:large, max-video-preview:-1\" \/>\n<link rel=\"canonical\" href=\"https:\/\/www.atelier-sacher.at\/?product=armreif-aus-edelstahl-mit-feiner-struktur\" \/>\n<meta property=\"og:locale\" content=\"de_DE\" \/>\n<meta property=\"og:type\" content=\"article\" \/>\n<meta property=\"og:title\" content=\"Arwen - ATELIER SACHER\" \/>\n<meta property=\"og:description\" content=\"EIn Armreif mit feiner Musterung, handgefertigt aus 100% hochwertigem Edestahl in \u00d6sterreich. Dein treuer Begleiter f\u00fcr eine lange Zeit.\" \/>\n<meta property=\"og:url\" content=\"https:\/\/www.atelier-sacher.at\/?product=armreif-aus-edelstahl-mit-feiner-struktur\" \/>\n<meta property=\"og:site_name\" content=\"ATELIER SACHER\" \/>\n<meta property=\"article:modified_time\" content=\"2026-03-06T10:43:25+00:00\" \/>\n<meta property=\"og:image\" content=\"https:\/\/www.atelier-sacher.at\/wp-content\/uploads\/2025\/11\/DSC04175-scaled-e1763560430943.jpg\" \/>\n\t<meta property=\"og:image:width\" content=\"1417\" \/>\n\t<meta property=\"og:image:height\" content=\"2244\" \/>\n\t<meta property=\"og:image:type\" content=\"image\/jpeg\" \/>\n<meta name=\"twitter:card\" content=\"summary_large_image\" \/>\n<meta name=\"twitter:label1\" content=\"Gesch\u00e4tzte Lesezeit\" \/>\n\t<meta name=\"twitter:data1\" content=\"1\u00a0Minute\" \/>\n<script type=\"application\/ld+json\" class=\"yoast-schema-graph\">{\"@context\":\"https:\/\/schema.org\",\"@graph\":[{\"@type\":\"WebPage\",\"@id\":\"https:\/\/www.atelier-sacher.at\/?product=armreif-aus-edelstahl-mit-feiner-struktur\",\"url\":\"https:\/\/www.atelier-sacher.at\/?product=armreif-aus-edelstahl-mit-feiner-struktur\",\"name\":\"Arwen - ATELIER SACHER\",\"isPartOf\":{\"@id\":\"https:\/\/www.atelier-sacher.at\/#website\"},\"primaryImageOfPage\":{\"@id\":\"https:\/\/www.atelier-sacher.at\/?product=armreif-aus-edelstahl-mit-feiner-struktur#primaryimage\"},\"image\":{\"@id\":\"https:\/\/www.atelier-sacher.at\/?product=armreif-aus-edelstahl-mit-feiner-struktur#primaryimage\"},\"thumbnailUrl\":\"https:\/\/www.atelier-sacher.at\/wp-content\/uploads\/2025\/11\/DSC04175-scaled-e1763560430943.jpg\",\"datePublished\":\"2025-11-19T13:58:33+00:00\",\"dateModified\":\"2026-03-06T10:43:25+00:00\",\"description\":\"EIn Armreif mit feiner Musterung, handgefertigt aus 100% hochwertigem Edestahl in \u00d6sterreich. Dein treuer Begleiter f\u00fcr eine lange Zeit.\",\"breadcrumb\":{\"@id\":\"https:\/\/www.atelier-sacher.at\/?product=armreif-aus-edelstahl-mit-feiner-struktur#breadcrumb\"},\"inLanguage\":\"de\",\"potentialAction\":[{\"@type\":\"ReadAction\",\"target\":[\"https:\/\/www.atelier-sacher.at\/?product=armreif-aus-edelstahl-mit-feiner-struktur\"]}]},{\"@type\":\"ImageObject\",\"inLanguage\":\"de\",\"@id\":\"https:\/\/www.atelier-sacher.at\/?product=armreif-aus-edelstahl-mit-feiner-struktur#primaryimage\",\"url\":\"https:\/\/www.atelier-sacher.at\/wp-content\/uploads\/2025\/11\/DSC04175-scaled-e1763560430943.jpg\",\"contentUrl\":\"https:\/\/www.atelier-sacher.at\/wp-content\/uploads\/2025\/11\/DSC04175-scaled-e1763560430943.jpg\",\"width\":1417,\"height\":2244},{\"@type\":\"BreadcrumbList\",\"@id\":\"https:\/\/www.atelier-sacher.at\/?product=armreif-aus-edelstahl-mit-feiner-struktur#breadcrumb\",\"itemListElement\":[{\"@type\":\"ListItem\",\"position\":1,\"name\":\"Start\",\"item\":\"https:\/\/www.atelier-sacher.at\/\"},{\"@type\":\"ListItem\",\"position\":2,\"name\":\"Shop\",\"item\":\"https:\/\/www.atelier-sacher.at\/?page_id=7\"},{\"@type\":\"ListItem\",\"position\":3,\"name\":\"Arwen\"}]},{\"@type\":\"WebSite\",\"@id\":\"https:\/\/www.atelier-sacher.at\/#website\",\"url\":\"https:\/\/www.atelier-sacher.at\/\",\"name\":\"Atelier Sacher\",\"description\":\"Handgefertigter Schmuck aus \u00d6sterreich\",\"publisher\":{\"@id\":\"https:\/\/www.atelier-sacher.at\/#organization\"},\"potentialAction\":[{\"@type\":\"SearchAction\",\"target\":{\"@type\":\"EntryPoint\",\"urlTemplate\":\"https:\/\/www.atelier-sacher.at\/?s={search_term_string}\"},\"query-input\":{\"@type\":\"PropertyValueSpecification\",\"valueRequired\":true,\"valueName\":\"search_term_string\"}}],\"inLanguage\":\"de\"},{\"@type\":\"Organization\",\"@id\":\"https:\/\/www.atelier-sacher.at\/#organization\",\"name\":\"Atelier Sacher\",\"url\":\"https:\/\/www.atelier-sacher.at\/\",\"logo\":{\"@type\":\"ImageObject\",\"inLanguage\":\"de\",\"@id\":\"https:\/\/www.atelier-sacher.at\/#\/schema\/logo\/image\/\",\"url\":\"https:\/\/www.atelier-sacher.at\/wp-content\/uploads\/2025\/12\/Logo.jpg\",\"contentUrl\":\"https:\/\/www.atelier-sacher.at\/wp-content\/uploads\/2025\/12\/Logo.jpg\",\"width\":183,\"height\":192,\"caption\":\"Atelier Sacher\"},\"image\":{\"@id\":\"https:\/\/www.atelier-sacher.at\/#\/schema\/logo\/image\/\"}}]}<\/script>\n<!-- \/ Yoast SEO plugin. -->","yoast_head_json":{"title":"Arwen - ATELIER SACHER","description":"EIn Armreif mit feiner Musterung, handgefertigt aus 100% hochwertigem Edestahl in \u00d6sterreich. Dein treuer Begleiter f\u00fcr eine lange Zeit.","robots":{"index":"index","follow":"follow","max-snippet":"max-snippet:-1","max-image-preview":"max-image-preview:large","max-video-preview":"max-video-preview:-1"},"canonical":"https:\/\/www.atelier-sacher.at\/?product=armreif-aus-edelstahl-mit-feiner-struktur","og_locale":"de_DE","og_type":"article","og_title":"Arwen - ATELIER SACHER","og_description":"EIn Armreif mit feiner Musterung, handgefertigt aus 100% hochwertigem Edestahl in \u00d6sterreich. Dein treuer Begleiter f\u00fcr eine lange Zeit.","og_url":"https:\/\/www.atelier-sacher.at\/?product=armreif-aus-edelstahl-mit-feiner-struktur","og_site_name":"ATELIER SACHER","article_modified_time":"2026-03-06T10:43:25+00:00","og_image":[{"width":1417,"height":2244,"url":"https:\/\/www.atelier-sacher.at\/wp-content\/uploads\/2025\/11\/DSC04175-scaled-e1763560430943.jpg","type":"image\/jpeg"}],"twitter_card":"summary_large_image","twitter_misc":{"Gesch\u00e4tzte Lesezeit":"1\u00a0Minute"},"schema":{"@context":"https:\/\/schema.org","@graph":[{"@type":"WebPage","@id":"https:\/\/www.atelier-sacher.at\/?product=armreif-aus-edelstahl-mit-feiner-struktur","url":"https:\/\/www.atelier-sacher.at\/?product=armreif-aus-edelstahl-mit-feiner-struktur","name":"Arwen - ATELIER SACHER","isPartOf":{"@id":"https:\/\/www.atelier-sacher.at\/#website"},"primaryImageOfPage":{"@id":"https:\/\/www.atelier-sacher.at\/?product=armreif-aus-edelstahl-mit-feiner-struktur#primaryimage"},"image":{"@id":"https:\/\/www.atelier-sacher.at\/?product=armreif-aus-edelstahl-mit-feiner-struktur#primaryimage"},"thumbnailUrl":"https:\/\/www.atelier-sacher.at\/wp-content\/uploads\/2025\/11\/DSC04175-scaled-e1763560430943.jpg","datePublished":"2025-11-19T13:58:33+00:00","dateModified":"2026-03-06T10:43:25+00:00","description":"EIn Armreif mit feiner Musterung, handgefertigt aus 100% hochwertigem Edestahl in \u00d6sterreich. Dein treuer Begleiter f\u00fcr eine lange Zeit.","breadcrumb":{"@id":"https:\/\/www.atelier-sacher.at\/?product=armreif-aus-edelstahl-mit-feiner-struktur#breadcrumb"},"inLanguage":"de","potentialAction":[{"@type":"ReadAction","target":["https:\/\/www.atelier-sacher.at\/?product=armreif-aus-edelstahl-mit-feiner-struktur"]}]},{"@type":"ImageObject","inLanguage":"de","@id":"https:\/\/www.atelier-sacher.at\/?product=armreif-aus-edelstahl-mit-feiner-struktur#primaryimage","url":"https:\/\/www.atelier-sacher.at\/wp-content\/uploads\/2025\/11\/DSC04175-scaled-e1763560430943.jpg","contentUrl":"https:\/\/www.atelier-sacher.at\/wp-content\/uploads\/2025\/11\/DSC04175-scaled-e1763560430943.jpg","width":1417,"height":2244},{"@type":"BreadcrumbList","@id":"https:\/\/www.atelier-sacher.at\/?product=armreif-aus-edelstahl-mit-feiner-struktur#breadcrumb","itemListElement":[{"@type":"ListItem","position":1,"name":"Start","item":"https:\/\/www.atelier-sacher.at\/"},{"@type":"ListItem","position":2,"name":"Shop","item":"https:\/\/www.atelier-sacher.at\/?page_id=7"},{"@type":"ListItem","position":3,"name":"Arwen"}]},{"@type":"WebSite","@id":"https:\/\/www.atelier-sacher.at\/#website","url":"https:\/\/www.atelier-sacher.at\/","name":"Atelier Sacher","description":"Handgefertigter Schmuck aus \u00d6sterreich","publisher":{"@id":"https:\/\/www.atelier-sacher.at\/#organization"},"potentialAction":[{"@type":"SearchAction","target":{"@type":"EntryPoint","urlTemplate":"https:\/\/www.atelier-sacher.at\/?s={search_term_string}"},"query-input":{"@type":"PropertyValueSpecification","valueRequired":true,"valueName":"search_term_string"}}],"inLanguage":"de"},{"@type":"Organization","@id":"https:\/\/www.atelier-sacher.at\/#organization","name":"Atelier Sacher","url":"https:\/\/www.atelier-sacher.at\/","logo":{"@type":"ImageObject","inLanguage":"de","@id":"https:\/\/www.atelier-sacher.at\/#\/schema\/logo\/image\/","url":"https:\/\/www.atelier-sacher.at\/wp-content\/uploads\/2025\/12\/Logo.jpg","contentUrl":"https:\/\/www.atelier-sacher.at\/wp-content\/uploads\/2025\/12\/Logo.jpg","width":183,"height":192,"caption":"Atelier Sacher"},"image":{"@id":"https:\/\/www.atelier-sacher.at\/#\/schema\/logo\/image\/"}}]}},"_links":{"self":[{"href":"https:\/\/www.atelier-sacher.at\/index.php?rest_route=\/wp\/v2\/product\/418","targetHints":{"allow":["GET"]}}],"collection":[{"href":"https:\/\/www.atelier-sacher.at\/index.php?rest_route=\/wp\/v2\/product"}],"about":[{"href":"https:\/\/www.atelier-sacher.at\/index.php?rest_route=\/wp\/v2\/types\/product"}],"version-history":[{"count":5,"href":"https:\/\/www.atelier-sacher.at\/index.php?rest_route=\/wp\/v2\/product\/418\/revisions"}],"predecessor-version":[{"id":767,"href":"https:\/\/www.atelier-sacher.at\/index.php?rest_route=\/wp\/v2\/product\/418\/revisions\/767"}],"wp:featuredmedia":[{"embeddable":true,"href":"https:\/\/www.atelier-sacher.at\/index.php?rest_route=\/wp\/v2\/media\/420"}],"wp:attachment":[{"href":"https:\/\/www.atelier-sacher.at\/index.php?rest_route=%2Fwp%2Fv2%2Fmedia&parent=418"}],"wp:term":[{"taxonomy":"product_brand","embeddable":true,"href":"https:\/\/www.atelier-sacher.at\/index.php?rest_route=%2Fwp%2Fv2%2Fproduct_brand&post=418"},{"taxonomy":"product_cat","embeddable":true,"href":"https:\/\/www.atelier-sacher.at\/index.php?rest_route=%2Fwp%2Fv2%2Fproduct_cat&post=418"},{"taxonomy":"product_tag","embeddable":true,"href":"https:\/\/www.atelier-sacher.at\/index.php?rest_route=%2Fwp%2Fv2%2Fproduct_tag&post=418"}],"curies":[{"name":"wp","href":"https:\/\/api.w.org\/{rel}","templated":true}]}}