{"id":522,"date":"2025-11-22T15:26:07","date_gmt":"2025-11-22T14:26:07","guid":{"rendered":"https:\/\/www.atelier-sacher.at\/?post_type=product&#038;p=522"},"modified":"2026-03-06T11:36:17","modified_gmt":"2026-03-06T10:36:17","slug":"oberarmreif-aus-messing","status":"publish","type":"product","link":"https:\/\/www.atelier-sacher.at\/?product=oberarmreif-aus-messing","title":{"rendered":"Freya"},"content":{"rendered":"<p>Diese Oberarmreife werden in \u00d6sterreich aus Messing handgefertigt und zeichnen sich durch eine geschwungene Form aus, die sich angenehm an den Arm legt. Im Zentrum des Designs steht ein Sonnenmotiv, dessen Kern von einem echten Citrin gebildet wird. Erg\u00e4nzend dazu ist eine Spirale als grafisches Element eingearbeitet, die das Gesamtbild strukturiert und dem Reif eine klare, harmonische Linienf\u00fchrung verleiht. Das Messing ist hypoallergen und damit auch f\u00fcr empfindliche Haut geeignet. Die Reife sind in verschiedenen Gr\u00f6\u00dfen erh\u00e4ltlich, sodass sie je nach Armumfang passend ausgew\u00e4hlt werden k\u00f6nnen.<\/p>\n<p>Der Citrin wird traditionell mit Lebensfreude, Klarheit und innerer St\u00e4rke verbunden. In Kombination mit der Sonne als Symbol f\u00fcr Energie und der Spirale als Zeichen f\u00fcr Wachstum und innere Bewegung entsteht ein Schmuckst\u00fcck, dem eine unterst\u00fctzende Wirkung f\u00fcr Optimismus, Ausstrahlung und pers\u00f6nliche Kraft zugeschrieben wird.<\/p>\n","protected":false},"excerpt":{"rendered":"<p>Handgefertigter Oberarmreif aus Messing mit einer echten Citrin Perle<\/p>\n","protected":false},"featured_media":540,"template":"","meta":[],"product_brand":[],"product_cat":[26,83],"product_tag":[114,113,127,54,50,112,115,49],"class_list":{"0":"post-522","1":"product","2":"type-product","3":"status-publish","4":"has-post-thumbnail","6":"product_cat-messing","7":"product_cat-oberarmreifen","8":"product_tag-arm-cuff","9":"product_tag-armcuff","10":"product_tag-freya","11":"product_tag-gold","12":"product_tag-messing","13":"product_tag-oberarmreif","14":"product_tag-sonne","15":"product_tag-spirale","17":"first","18":"instock","19":"shipping-taxable","20":"purchasable","21":"product-type-variable"},"yoast_head":"<!-- This site is optimized with the Yoast SEO plugin v27.1.1 - https:\/\/yoast.com\/product\/yoast-seo-wordpress\/ -->\n<title>Freya - ATELIER SACHER<\/title>\n<meta name=\"description\" content=\"Oberarmreif aus hochwertigem Messing mit echter Citrin Perle handgefertigt in \u00d6sterreich. Erh\u00e4ltlich in verschiedenen Gr\u00f6\u00dfen.\" \/>\n<meta name=\"robots\" content=\"index, follow, max-snippet:-1, max-image-preview:large, max-video-preview:-1\" \/>\n<link rel=\"canonical\" href=\"https:\/\/www.atelier-sacher.at\/?product=oberarmreif-aus-messing\" \/>\n<meta property=\"og:locale\" content=\"de_DE\" \/>\n<meta property=\"og:type\" content=\"article\" \/>\n<meta property=\"og:title\" content=\"Freya - ATELIER SACHER\" \/>\n<meta property=\"og:description\" content=\"Oberarmreif aus hochwertigem Messing mit echter Citrin Perle handgefertigt in \u00d6sterreich. Erh\u00e4ltlich in verschiedenen Gr\u00f6\u00dfen.\" \/>\n<meta property=\"og:url\" content=\"https:\/\/www.atelier-sacher.at\/?product=oberarmreif-aus-messing\" \/>\n<meta property=\"og:site_name\" content=\"ATELIER SACHER\" \/>\n<meta property=\"article:modified_time\" content=\"2026-03-06T10:36:17+00:00\" \/>\n<meta property=\"og:image\" content=\"https:\/\/www.atelier-sacher.at\/wp-content\/uploads\/2025\/11\/DSC04286-scaled-e1763821397513.jpg\" \/>\n\t<meta property=\"og:image:width\" content=\"1390\" \/>\n\t<meta property=\"og:image:height\" content=\"2206\" \/>\n\t<meta property=\"og:image:type\" content=\"image\/jpeg\" \/>\n<meta name=\"twitter:card\" content=\"summary_large_image\" \/>\n<meta name=\"twitter:label1\" content=\"Gesch\u00e4tzte Lesezeit\" \/>\n\t<meta name=\"twitter:data1\" content=\"1\u00a0Minute\" \/>\n<script type=\"application\/ld+json\" class=\"yoast-schema-graph\">{\"@context\":\"https:\/\/schema.org\",\"@graph\":[{\"@type\":\"WebPage\",\"@id\":\"https:\/\/www.atelier-sacher.at\/?product=oberarmreif-aus-messing\",\"url\":\"https:\/\/www.atelier-sacher.at\/?product=oberarmreif-aus-messing\",\"name\":\"Freya - ATELIER SACHER\",\"isPartOf\":{\"@id\":\"https:\/\/www.atelier-sacher.at\/#website\"},\"primaryImageOfPage\":{\"@id\":\"https:\/\/www.atelier-sacher.at\/?product=oberarmreif-aus-messing#primaryimage\"},\"image\":{\"@id\":\"https:\/\/www.atelier-sacher.at\/?product=oberarmreif-aus-messing#primaryimage\"},\"thumbnailUrl\":\"https:\/\/www.atelier-sacher.at\/wp-content\/uploads\/2025\/11\/DSC04286-scaled-e1763821397513.jpg\",\"datePublished\":\"2025-11-22T14:26:07+00:00\",\"dateModified\":\"2026-03-06T10:36:17+00:00\",\"description\":\"Oberarmreif aus hochwertigem Messing mit echter Citrin Perle handgefertigt in \u00d6sterreich. Erh\u00e4ltlich in verschiedenen Gr\u00f6\u00dfen.\",\"breadcrumb\":{\"@id\":\"https:\/\/www.atelier-sacher.at\/?product=oberarmreif-aus-messing#breadcrumb\"},\"inLanguage\":\"de\",\"potentialAction\":[{\"@type\":\"ReadAction\",\"target\":[\"https:\/\/www.atelier-sacher.at\/?product=oberarmreif-aus-messing\"]}]},{\"@type\":\"ImageObject\",\"inLanguage\":\"de\",\"@id\":\"https:\/\/www.atelier-sacher.at\/?product=oberarmreif-aus-messing#primaryimage\",\"url\":\"https:\/\/www.atelier-sacher.at\/wp-content\/uploads\/2025\/11\/DSC04286-scaled-e1763821397513.jpg\",\"contentUrl\":\"https:\/\/www.atelier-sacher.at\/wp-content\/uploads\/2025\/11\/DSC04286-scaled-e1763821397513.jpg\",\"width\":1390,\"height\":2206},{\"@type\":\"BreadcrumbList\",\"@id\":\"https:\/\/www.atelier-sacher.at\/?product=oberarmreif-aus-messing#breadcrumb\",\"itemListElement\":[{\"@type\":\"ListItem\",\"position\":1,\"name\":\"Start\",\"item\":\"https:\/\/www.atelier-sacher.at\/\"},{\"@type\":\"ListItem\",\"position\":2,\"name\":\"Shop\",\"item\":\"https:\/\/www.atelier-sacher.at\/?page_id=7\"},{\"@type\":\"ListItem\",\"position\":3,\"name\":\"Freya\"}]},{\"@type\":\"WebSite\",\"@id\":\"https:\/\/www.atelier-sacher.at\/#website\",\"url\":\"https:\/\/www.atelier-sacher.at\/\",\"name\":\"Atelier Sacher\",\"description\":\"Handgefertigter Schmuck aus \u00d6sterreich\",\"publisher\":{\"@id\":\"https:\/\/www.atelier-sacher.at\/#organization\"},\"potentialAction\":[{\"@type\":\"SearchAction\",\"target\":{\"@type\":\"EntryPoint\",\"urlTemplate\":\"https:\/\/www.atelier-sacher.at\/?s={search_term_string}\"},\"query-input\":{\"@type\":\"PropertyValueSpecification\",\"valueRequired\":true,\"valueName\":\"search_term_string\"}}],\"inLanguage\":\"de\"},{\"@type\":\"Organization\",\"@id\":\"https:\/\/www.atelier-sacher.at\/#organization\",\"name\":\"Atelier Sacher\",\"url\":\"https:\/\/www.atelier-sacher.at\/\",\"logo\":{\"@type\":\"ImageObject\",\"inLanguage\":\"de\",\"@id\":\"https:\/\/www.atelier-sacher.at\/#\/schema\/logo\/image\/\",\"url\":\"https:\/\/www.atelier-sacher.at\/wp-content\/uploads\/2025\/12\/Logo.jpg\",\"contentUrl\":\"https:\/\/www.atelier-sacher.at\/wp-content\/uploads\/2025\/12\/Logo.jpg\",\"width\":183,\"height\":192,\"caption\":\"Atelier Sacher\"},\"image\":{\"@id\":\"https:\/\/www.atelier-sacher.at\/#\/schema\/logo\/image\/\"}}]}<\/script>\n<!-- \/ Yoast SEO plugin. -->","yoast_head_json":{"title":"Freya - ATELIER SACHER","description":"Oberarmreif aus hochwertigem Messing mit echter Citrin Perle handgefertigt in \u00d6sterreich. Erh\u00e4ltlich in verschiedenen Gr\u00f6\u00dfen.","robots":{"index":"index","follow":"follow","max-snippet":"max-snippet:-1","max-image-preview":"max-image-preview:large","max-video-preview":"max-video-preview:-1"},"canonical":"https:\/\/www.atelier-sacher.at\/?product=oberarmreif-aus-messing","og_locale":"de_DE","og_type":"article","og_title":"Freya - ATELIER SACHER","og_description":"Oberarmreif aus hochwertigem Messing mit echter Citrin Perle handgefertigt in \u00d6sterreich. Erh\u00e4ltlich in verschiedenen Gr\u00f6\u00dfen.","og_url":"https:\/\/www.atelier-sacher.at\/?product=oberarmreif-aus-messing","og_site_name":"ATELIER SACHER","article_modified_time":"2026-03-06T10:36:17+00:00","og_image":[{"width":1390,"height":2206,"url":"https:\/\/www.atelier-sacher.at\/wp-content\/uploads\/2025\/11\/DSC04286-scaled-e1763821397513.jpg","type":"image\/jpeg"}],"twitter_card":"summary_large_image","twitter_misc":{"Gesch\u00e4tzte Lesezeit":"1\u00a0Minute"},"schema":{"@context":"https:\/\/schema.org","@graph":[{"@type":"WebPage","@id":"https:\/\/www.atelier-sacher.at\/?product=oberarmreif-aus-messing","url":"https:\/\/www.atelier-sacher.at\/?product=oberarmreif-aus-messing","name":"Freya - ATELIER SACHER","isPartOf":{"@id":"https:\/\/www.atelier-sacher.at\/#website"},"primaryImageOfPage":{"@id":"https:\/\/www.atelier-sacher.at\/?product=oberarmreif-aus-messing#primaryimage"},"image":{"@id":"https:\/\/www.atelier-sacher.at\/?product=oberarmreif-aus-messing#primaryimage"},"thumbnailUrl":"https:\/\/www.atelier-sacher.at\/wp-content\/uploads\/2025\/11\/DSC04286-scaled-e1763821397513.jpg","datePublished":"2025-11-22T14:26:07+00:00","dateModified":"2026-03-06T10:36:17+00:00","description":"Oberarmreif aus hochwertigem Messing mit echter Citrin Perle handgefertigt in \u00d6sterreich. Erh\u00e4ltlich in verschiedenen Gr\u00f6\u00dfen.","breadcrumb":{"@id":"https:\/\/www.atelier-sacher.at\/?product=oberarmreif-aus-messing#breadcrumb"},"inLanguage":"de","potentialAction":[{"@type":"ReadAction","target":["https:\/\/www.atelier-sacher.at\/?product=oberarmreif-aus-messing"]}]},{"@type":"ImageObject","inLanguage":"de","@id":"https:\/\/www.atelier-sacher.at\/?product=oberarmreif-aus-messing#primaryimage","url":"https:\/\/www.atelier-sacher.at\/wp-content\/uploads\/2025\/11\/DSC04286-scaled-e1763821397513.jpg","contentUrl":"https:\/\/www.atelier-sacher.at\/wp-content\/uploads\/2025\/11\/DSC04286-scaled-e1763821397513.jpg","width":1390,"height":2206},{"@type":"BreadcrumbList","@id":"https:\/\/www.atelier-sacher.at\/?product=oberarmreif-aus-messing#breadcrumb","itemListElement":[{"@type":"ListItem","position":1,"name":"Start","item":"https:\/\/www.atelier-sacher.at\/"},{"@type":"ListItem","position":2,"name":"Shop","item":"https:\/\/www.atelier-sacher.at\/?page_id=7"},{"@type":"ListItem","position":3,"name":"Freya"}]},{"@type":"WebSite","@id":"https:\/\/www.atelier-sacher.at\/#website","url":"https:\/\/www.atelier-sacher.at\/","name":"Atelier Sacher","description":"Handgefertigter Schmuck aus \u00d6sterreich","publisher":{"@id":"https:\/\/www.atelier-sacher.at\/#organization"},"potentialAction":[{"@type":"SearchAction","target":{"@type":"EntryPoint","urlTemplate":"https:\/\/www.atelier-sacher.at\/?s={search_term_string}"},"query-input":{"@type":"PropertyValueSpecification","valueRequired":true,"valueName":"search_term_string"}}],"inLanguage":"de"},{"@type":"Organization","@id":"https:\/\/www.atelier-sacher.at\/#organization","name":"Atelier Sacher","url":"https:\/\/www.atelier-sacher.at\/","logo":{"@type":"ImageObject","inLanguage":"de","@id":"https:\/\/www.atelier-sacher.at\/#\/schema\/logo\/image\/","url":"https:\/\/www.atelier-sacher.at\/wp-content\/uploads\/2025\/12\/Logo.jpg","contentUrl":"https:\/\/www.atelier-sacher.at\/wp-content\/uploads\/2025\/12\/Logo.jpg","width":183,"height":192,"caption":"Atelier Sacher"},"image":{"@id":"https:\/\/www.atelier-sacher.at\/#\/schema\/logo\/image\/"}}]}},"_links":{"self":[{"href":"https:\/\/www.atelier-sacher.at\/index.php?rest_route=\/wp\/v2\/product\/522","targetHints":{"allow":["GET"]}}],"collection":[{"href":"https:\/\/www.atelier-sacher.at\/index.php?rest_route=\/wp\/v2\/product"}],"about":[{"href":"https:\/\/www.atelier-sacher.at\/index.php?rest_route=\/wp\/v2\/types\/product"}],"version-history":[{"count":4,"href":"https:\/\/www.atelier-sacher.at\/index.php?rest_route=\/wp\/v2\/product\/522\/revisions"}],"predecessor-version":[{"id":764,"href":"https:\/\/www.atelier-sacher.at\/index.php?rest_route=\/wp\/v2\/product\/522\/revisions\/764"}],"wp:featuredmedia":[{"embeddable":true,"href":"https:\/\/www.atelier-sacher.at\/index.php?rest_route=\/wp\/v2\/media\/540"}],"wp:attachment":[{"href":"https:\/\/www.atelier-sacher.at\/index.php?rest_route=%2Fwp%2Fv2%2Fmedia&parent=522"}],"wp:term":[{"taxonomy":"product_brand","embeddable":true,"href":"https:\/\/www.atelier-sacher.at\/index.php?rest_route=%2Fwp%2Fv2%2Fproduct_brand&post=522"},{"taxonomy":"product_cat","embeddable":true,"href":"https:\/\/www.atelier-sacher.at\/index.php?rest_route=%2Fwp%2Fv2%2Fproduct_cat&post=522"},{"taxonomy":"product_tag","embeddable":true,"href":"https:\/\/www.atelier-sacher.at\/index.php?rest_route=%2Fwp%2Fv2%2Fproduct_tag&post=522"}],"curies":[{"name":"wp","href":"https:\/\/api.w.org\/{rel}","templated":true}]}}