{"id":547,"date":"2025-11-22T15:37:39","date_gmt":"2025-11-22T14:37:39","guid":{"rendered":"https:\/\/www.atelier-sacher.at\/?post_type=product&#038;p=547"},"modified":"2026-03-06T11:32:03","modified_gmt":"2026-03-06T10:32:03","slug":"messing-oberarmreif-mit-echtem-citrin-perlen","status":"publish","type":"product","link":"https:\/\/www.atelier-sacher.at\/?product=messing-oberarmreif-mit-echtem-citrin-perlen","title":{"rendered":"Enya"},"content":{"rendered":"<p>DieserOberarmreif werden in \u00d6sterreich aus hochwertigem Messing in sorgf\u00e4ltiger Handarbeit gefertigt. Die Form ist geschwungen und orientiert sich an einer organischen Linienf\u00fchrung, wodurch jedes St\u00fcck eine individuelle und lebendige Ausstrahlung erh\u00e4lt. In die Vorderseite ist eine einzelne echte Citrinperle eingearbeitet, die farblich harmonisch mit dem warmen Goldton des Messings wirkt und dem Design einen dezenten, nat\u00fcrlichen Akzent verleiht. Der Oberarmreif ist in unterschiedlichen Gr\u00f6\u00dfen erh\u00e4ltlich.<\/p>\n<p>Der Citrin wird traditionell mit Klarheit, Lebensfreude und innerer St\u00e4rke verbunden. In Kombination mit der flie\u00dfenden, geschwungenen Form entsteht ein Schmuckst\u00fcck, dem eine unterst\u00fctzende Wirkung f\u00fcr Optimismus, Leichtigkeit und positive Energie zugeschrieben wird.<\/p>\n","protected":false},"excerpt":{"rendered":"<p>Handgefertigter Oberarmreif aus Messing mit echter Citrin Perle.<\/p>\n","protected":false},"featured_media":548,"template":"","meta":[],"product_brand":[],"product_cat":[26,83],"product_tag":[114,113,117,126,54,50,112],"class_list":{"0":"post-547","1":"product","2":"type-product","3":"status-publish","4":"has-post-thumbnail","6":"product_cat-messing","7":"product_cat-oberarmreifen","8":"product_tag-arm-cuff","9":"product_tag-armcuff","10":"product_tag-citrin","11":"product_tag-enya","12":"product_tag-gold","13":"product_tag-messing","14":"product_tag-oberarmreif","16":"first","17":"instock","18":"shipping-taxable","19":"purchasable","20":"product-type-variable"},"yoast_head":"<!-- This site is optimized with the Yoast SEO plugin v27.1.1 - https:\/\/yoast.com\/product\/yoast-seo-wordpress\/ -->\n<title>Enya - ATELIER SACHER echte Handarbeit aus \u00d6sterreich<\/title>\n<meta name=\"description\" content=\"Handgefertigter Oberarmreif aus 100% hochwertigem Messing mit echter Citrinperle. In verschiedenen Gr\u00f6\u00dfen erh\u00e4ltlich.\" \/>\n<meta name=\"robots\" content=\"index, follow, max-snippet:-1, max-image-preview:large, max-video-preview:-1\" \/>\n<link rel=\"canonical\" href=\"https:\/\/www.atelier-sacher.at\/?product=messing-oberarmreif-mit-echtem-citrin-perlen\" \/>\n<meta property=\"og:locale\" content=\"de_DE\" \/>\n<meta property=\"og:type\" content=\"article\" \/>\n<meta property=\"og:title\" content=\"Enya - ATELIER SACHER echte Handarbeit aus \u00d6sterreich\" \/>\n<meta property=\"og:description\" content=\"Handgefertigter Oberarmreif aus 100% hochwertigem Messing mit echter Citrinperle. In verschiedenen Gr\u00f6\u00dfen erh\u00e4ltlich.\" \/>\n<meta property=\"og:url\" content=\"https:\/\/www.atelier-sacher.at\/?product=messing-oberarmreif-mit-echtem-citrin-perlen\" \/>\n<meta property=\"og:site_name\" content=\"ATELIER SACHER\" \/>\n<meta property=\"article:modified_time\" content=\"2026-03-06T10:32:03+00:00\" \/>\n<meta property=\"og:image\" content=\"https:\/\/www.atelier-sacher.at\/wp-content\/uploads\/2025\/11\/DSC04269-scaled.jpg\" \/>\n\t<meta property=\"og:image:width\" content=\"1707\" \/>\n\t<meta property=\"og:image:height\" content=\"2560\" \/>\n\t<meta property=\"og:image:type\" content=\"image\/jpeg\" \/>\n<meta name=\"twitter:card\" content=\"summary_large_image\" \/>\n<meta name=\"twitter:label1\" content=\"Gesch\u00e4tzte Lesezeit\" \/>\n\t<meta name=\"twitter:data1\" content=\"1\u00a0Minute\" \/>\n<script type=\"application\/ld+json\" class=\"yoast-schema-graph\">{\"@context\":\"https:\/\/schema.org\",\"@graph\":[{\"@type\":\"WebPage\",\"@id\":\"https:\/\/www.atelier-sacher.at\/?product=messing-oberarmreif-mit-echtem-citrin-perlen\",\"url\":\"https:\/\/www.atelier-sacher.at\/?product=messing-oberarmreif-mit-echtem-citrin-perlen\",\"name\":\"Enya - ATELIER SACHER echte Handarbeit aus \u00d6sterreich\",\"isPartOf\":{\"@id\":\"https:\/\/www.atelier-sacher.at\/#website\"},\"primaryImageOfPage\":{\"@id\":\"https:\/\/www.atelier-sacher.at\/?product=messing-oberarmreif-mit-echtem-citrin-perlen#primaryimage\"},\"image\":{\"@id\":\"https:\/\/www.atelier-sacher.at\/?product=messing-oberarmreif-mit-echtem-citrin-perlen#primaryimage\"},\"thumbnailUrl\":\"https:\/\/www.atelier-sacher.at\/wp-content\/uploads\/2025\/11\/DSC04269-scaled.jpg\",\"datePublished\":\"2025-11-22T14:37:39+00:00\",\"dateModified\":\"2026-03-06T10:32:03+00:00\",\"description\":\"Handgefertigter Oberarmreif aus 100% hochwertigem Messing mit echter Citrinperle. In verschiedenen Gr\u00f6\u00dfen erh\u00e4ltlich.\",\"breadcrumb\":{\"@id\":\"https:\/\/www.atelier-sacher.at\/?product=messing-oberarmreif-mit-echtem-citrin-perlen#breadcrumb\"},\"inLanguage\":\"de\",\"potentialAction\":[{\"@type\":\"ReadAction\",\"target\":[\"https:\/\/www.atelier-sacher.at\/?product=messing-oberarmreif-mit-echtem-citrin-perlen\"]}]},{\"@type\":\"ImageObject\",\"inLanguage\":\"de\",\"@id\":\"https:\/\/www.atelier-sacher.at\/?product=messing-oberarmreif-mit-echtem-citrin-perlen#primaryimage\",\"url\":\"https:\/\/www.atelier-sacher.at\/wp-content\/uploads\/2025\/11\/DSC04269-scaled.jpg\",\"contentUrl\":\"https:\/\/www.atelier-sacher.at\/wp-content\/uploads\/2025\/11\/DSC04269-scaled.jpg\",\"width\":1707,\"height\":2560},{\"@type\":\"BreadcrumbList\",\"@id\":\"https:\/\/www.atelier-sacher.at\/?product=messing-oberarmreif-mit-echtem-citrin-perlen#breadcrumb\",\"itemListElement\":[{\"@type\":\"ListItem\",\"position\":1,\"name\":\"Start\",\"item\":\"https:\/\/www.atelier-sacher.at\/\"},{\"@type\":\"ListItem\",\"position\":2,\"name\":\"Shop\",\"item\":\"https:\/\/www.atelier-sacher.at\/?page_id=7\"},{\"@type\":\"ListItem\",\"position\":3,\"name\":\"Enya\"}]},{\"@type\":\"WebSite\",\"@id\":\"https:\/\/www.atelier-sacher.at\/#website\",\"url\":\"https:\/\/www.atelier-sacher.at\/\",\"name\":\"Atelier Sacher\",\"description\":\"Handgefertigter Schmuck aus \u00d6sterreich\",\"publisher\":{\"@id\":\"https:\/\/www.atelier-sacher.at\/#organization\"},\"potentialAction\":[{\"@type\":\"SearchAction\",\"target\":{\"@type\":\"EntryPoint\",\"urlTemplate\":\"https:\/\/www.atelier-sacher.at\/?s={search_term_string}\"},\"query-input\":{\"@type\":\"PropertyValueSpecification\",\"valueRequired\":true,\"valueName\":\"search_term_string\"}}],\"inLanguage\":\"de\"},{\"@type\":\"Organization\",\"@id\":\"https:\/\/www.atelier-sacher.at\/#organization\",\"name\":\"Atelier Sacher\",\"url\":\"https:\/\/www.atelier-sacher.at\/\",\"logo\":{\"@type\":\"ImageObject\",\"inLanguage\":\"de\",\"@id\":\"https:\/\/www.atelier-sacher.at\/#\/schema\/logo\/image\/\",\"url\":\"https:\/\/www.atelier-sacher.at\/wp-content\/uploads\/2025\/12\/Logo.jpg\",\"contentUrl\":\"https:\/\/www.atelier-sacher.at\/wp-content\/uploads\/2025\/12\/Logo.jpg\",\"width\":183,\"height\":192,\"caption\":\"Atelier Sacher\"},\"image\":{\"@id\":\"https:\/\/www.atelier-sacher.at\/#\/schema\/logo\/image\/\"}}]}<\/script>\n<!-- \/ Yoast SEO plugin. -->","yoast_head_json":{"title":"Enya - ATELIER SACHER echte Handarbeit aus \u00d6sterreich","description":"Handgefertigter Oberarmreif aus 100% hochwertigem Messing mit echter Citrinperle. In verschiedenen Gr\u00f6\u00dfen erh\u00e4ltlich.","robots":{"index":"index","follow":"follow","max-snippet":"max-snippet:-1","max-image-preview":"max-image-preview:large","max-video-preview":"max-video-preview:-1"},"canonical":"https:\/\/www.atelier-sacher.at\/?product=messing-oberarmreif-mit-echtem-citrin-perlen","og_locale":"de_DE","og_type":"article","og_title":"Enya - ATELIER SACHER echte Handarbeit aus \u00d6sterreich","og_description":"Handgefertigter Oberarmreif aus 100% hochwertigem Messing mit echter Citrinperle. In verschiedenen Gr\u00f6\u00dfen erh\u00e4ltlich.","og_url":"https:\/\/www.atelier-sacher.at\/?product=messing-oberarmreif-mit-echtem-citrin-perlen","og_site_name":"ATELIER SACHER","article_modified_time":"2026-03-06T10:32:03+00:00","og_image":[{"width":1707,"height":2560,"url":"https:\/\/www.atelier-sacher.at\/wp-content\/uploads\/2025\/11\/DSC04269-scaled.jpg","type":"image\/jpeg"}],"twitter_card":"summary_large_image","twitter_misc":{"Gesch\u00e4tzte Lesezeit":"1\u00a0Minute"},"schema":{"@context":"https:\/\/schema.org","@graph":[{"@type":"WebPage","@id":"https:\/\/www.atelier-sacher.at\/?product=messing-oberarmreif-mit-echtem-citrin-perlen","url":"https:\/\/www.atelier-sacher.at\/?product=messing-oberarmreif-mit-echtem-citrin-perlen","name":"Enya - ATELIER SACHER echte Handarbeit aus \u00d6sterreich","isPartOf":{"@id":"https:\/\/www.atelier-sacher.at\/#website"},"primaryImageOfPage":{"@id":"https:\/\/www.atelier-sacher.at\/?product=messing-oberarmreif-mit-echtem-citrin-perlen#primaryimage"},"image":{"@id":"https:\/\/www.atelier-sacher.at\/?product=messing-oberarmreif-mit-echtem-citrin-perlen#primaryimage"},"thumbnailUrl":"https:\/\/www.atelier-sacher.at\/wp-content\/uploads\/2025\/11\/DSC04269-scaled.jpg","datePublished":"2025-11-22T14:37:39+00:00","dateModified":"2026-03-06T10:32:03+00:00","description":"Handgefertigter Oberarmreif aus 100% hochwertigem Messing mit echter Citrinperle. In verschiedenen Gr\u00f6\u00dfen erh\u00e4ltlich.","breadcrumb":{"@id":"https:\/\/www.atelier-sacher.at\/?product=messing-oberarmreif-mit-echtem-citrin-perlen#breadcrumb"},"inLanguage":"de","potentialAction":[{"@type":"ReadAction","target":["https:\/\/www.atelier-sacher.at\/?product=messing-oberarmreif-mit-echtem-citrin-perlen"]}]},{"@type":"ImageObject","inLanguage":"de","@id":"https:\/\/www.atelier-sacher.at\/?product=messing-oberarmreif-mit-echtem-citrin-perlen#primaryimage","url":"https:\/\/www.atelier-sacher.at\/wp-content\/uploads\/2025\/11\/DSC04269-scaled.jpg","contentUrl":"https:\/\/www.atelier-sacher.at\/wp-content\/uploads\/2025\/11\/DSC04269-scaled.jpg","width":1707,"height":2560},{"@type":"BreadcrumbList","@id":"https:\/\/www.atelier-sacher.at\/?product=messing-oberarmreif-mit-echtem-citrin-perlen#breadcrumb","itemListElement":[{"@type":"ListItem","position":1,"name":"Start","item":"https:\/\/www.atelier-sacher.at\/"},{"@type":"ListItem","position":2,"name":"Shop","item":"https:\/\/www.atelier-sacher.at\/?page_id=7"},{"@type":"ListItem","position":3,"name":"Enya"}]},{"@type":"WebSite","@id":"https:\/\/www.atelier-sacher.at\/#website","url":"https:\/\/www.atelier-sacher.at\/","name":"Atelier Sacher","description":"Handgefertigter Schmuck aus \u00d6sterreich","publisher":{"@id":"https:\/\/www.atelier-sacher.at\/#organization"},"potentialAction":[{"@type":"SearchAction","target":{"@type":"EntryPoint","urlTemplate":"https:\/\/www.atelier-sacher.at\/?s={search_term_string}"},"query-input":{"@type":"PropertyValueSpecification","valueRequired":true,"valueName":"search_term_string"}}],"inLanguage":"de"},{"@type":"Organization","@id":"https:\/\/www.atelier-sacher.at\/#organization","name":"Atelier Sacher","url":"https:\/\/www.atelier-sacher.at\/","logo":{"@type":"ImageObject","inLanguage":"de","@id":"https:\/\/www.atelier-sacher.at\/#\/schema\/logo\/image\/","url":"https:\/\/www.atelier-sacher.at\/wp-content\/uploads\/2025\/12\/Logo.jpg","contentUrl":"https:\/\/www.atelier-sacher.at\/wp-content\/uploads\/2025\/12\/Logo.jpg","width":183,"height":192,"caption":"Atelier Sacher"},"image":{"@id":"https:\/\/www.atelier-sacher.at\/#\/schema\/logo\/image\/"}}]}},"_links":{"self":[{"href":"https:\/\/www.atelier-sacher.at\/index.php?rest_route=\/wp\/v2\/product\/547","targetHints":{"allow":["GET"]}}],"collection":[{"href":"https:\/\/www.atelier-sacher.at\/index.php?rest_route=\/wp\/v2\/product"}],"about":[{"href":"https:\/\/www.atelier-sacher.at\/index.php?rest_route=\/wp\/v2\/types\/product"}],"version-history":[{"count":5,"href":"https:\/\/www.atelier-sacher.at\/index.php?rest_route=\/wp\/v2\/product\/547\/revisions"}],"predecessor-version":[{"id":761,"href":"https:\/\/www.atelier-sacher.at\/index.php?rest_route=\/wp\/v2\/product\/547\/revisions\/761"}],"wp:featuredmedia":[{"embeddable":true,"href":"https:\/\/www.atelier-sacher.at\/index.php?rest_route=\/wp\/v2\/media\/548"}],"wp:attachment":[{"href":"https:\/\/www.atelier-sacher.at\/index.php?rest_route=%2Fwp%2Fv2%2Fmedia&parent=547"}],"wp:term":[{"taxonomy":"product_brand","embeddable":true,"href":"https:\/\/www.atelier-sacher.at\/index.php?rest_route=%2Fwp%2Fv2%2Fproduct_brand&post=547"},{"taxonomy":"product_cat","embeddable":true,"href":"https:\/\/www.atelier-sacher.at\/index.php?rest_route=%2Fwp%2Fv2%2Fproduct_cat&post=547"},{"taxonomy":"product_tag","embeddable":true,"href":"https:\/\/www.atelier-sacher.at\/index.php?rest_route=%2Fwp%2Fv2%2Fproduct_tag&post=547"}],"curies":[{"name":"wp","href":"https:\/\/api.w.org\/{rel}","templated":true}]}}