{"id":640,"date":"2025-12-27T12:06:47","date_gmt":"2025-12-27T11:06:47","guid":{"rendered":"https:\/\/www.atelier-sacher.at\/?post_type=product&#038;p=640"},"modified":"2026-03-06T11:33:49","modified_gmt":"2026-03-06T10:33:49","slug":"ohrringe-aus-messing","status":"publish","type":"product","link":"https:\/\/www.atelier-sacher.at\/?product=ohrringe-aus-messing","title":{"rendered":"Juna"},"content":{"rendered":"<p>Diese Ohrringe bestehen aus hochwertigem Messing und werden in \u00d6sterreich in sorgf\u00e4ltiger Handarbeit gefertigt. Das Design ist schlicht gehalten und orientiert sich an einer klaren, dreieckigen Form, die dem Schmuckst\u00fcck eine moderne und reduzierte Ausstrahlung verleiht. Die Oberfl\u00e4che des Messings ist glatt poliert und bringt den warmen Goldton des Materials besonders gut zur Geltung. Durch die hypoallergenen Eigenschaften des verwendeten Messings eignen sich die Ohrringe auch f\u00fcr empfindliche Haut und lassen sich angenehm im Alltag tragen.<\/p>\n<p>Die klare Dreiecksform steht traditionell f\u00fcr Fokus, Stabilit\u00e4t und Ausrichtung. In ihrer minimalistischen Gestaltung k\u00f6nnen diese Ohrringe als dezenter Begleiter dienen, der innere Ruhe, Klarheit und eine bewusste Zentrierung im Alltag unterst\u00fctzen soll.<\/p>\n","protected":false},"excerpt":{"rendered":"<p>Handgefertigte Ohrringe aus Messing mit vergoldetem Ohrringhaken.<\/p>\n","protected":false},"featured_media":645,"template":"","meta":[],"product_brand":[],"product_cat":[24],"product_tag":[120,54,125,50,95,119,121],"class_list":{"0":"post-640","1":"product","2":"type-product","3":"status-publish","4":"has-post-thumbnail","6":"product_cat-ohrringe","7":"product_tag-dreieck","8":"product_tag-gold","9":"product_tag-juna","10":"product_tag-messing","11":"product_tag-modern","12":"product_tag-ohrringe","13":"product_tag-statement-ohrringe","14":"product_shipping_class-kleine-pakete","16":"first","17":"instock","18":"shipping-taxable","19":"purchasable","20":"product-type-simple"},"yoast_head":"<!-- This site is optimized with the Yoast SEO plugin v27.1.1 - https:\/\/yoast.com\/product\/yoast-seo-wordpress\/ -->\n<title>Juna - ATELIER SACHER<\/title>\n<meta name=\"description\" content=\"Messing Ohrringe handgefertigt in \u00d6sterreich. Vergoldeter Ohrringhaken- hypoallergen. Anpassungen sind auf Anfrage m\u00f6glich.\" \/>\n<meta name=\"robots\" content=\"index, follow, max-snippet:-1, max-image-preview:large, max-video-preview:-1\" \/>\n<link rel=\"canonical\" href=\"https:\/\/www.atelier-sacher.at\/?product=ohrringe-aus-messing\" \/>\n<meta property=\"og:locale\" content=\"de_DE\" \/>\n<meta property=\"og:type\" content=\"article\" \/>\n<meta property=\"og:title\" content=\"Juna - ATELIER SACHER\" \/>\n<meta property=\"og:description\" content=\"Messing Ohrringe handgefertigt in \u00d6sterreich. Vergoldeter Ohrringhaken- hypoallergen. Anpassungen sind auf Anfrage m\u00f6glich.\" \/>\n<meta property=\"og:url\" content=\"https:\/\/www.atelier-sacher.at\/?product=ohrringe-aus-messing\" \/>\n<meta property=\"og:site_name\" content=\"ATELIER SACHER\" \/>\n<meta property=\"article:modified_time\" content=\"2026-03-06T10:33:49+00:00\" \/>\n<meta property=\"og:image\" content=\"https:\/\/www.atelier-sacher.at\/wp-content\/uploads\/2025\/12\/DSC04580-scaled.jpg\" \/>\n\t<meta property=\"og:image:width\" content=\"1707\" \/>\n\t<meta property=\"og:image:height\" content=\"2560\" \/>\n\t<meta property=\"og:image:type\" content=\"image\/jpeg\" \/>\n<meta name=\"twitter:card\" content=\"summary_large_image\" \/>\n<meta name=\"twitter:label1\" content=\"Gesch\u00e4tzte Lesezeit\" \/>\n\t<meta name=\"twitter:data1\" content=\"1\u00a0Minute\" \/>\n<script type=\"application\/ld+json\" class=\"yoast-schema-graph\">{\"@context\":\"https:\/\/schema.org\",\"@graph\":[{\"@type\":\"WebPage\",\"@id\":\"https:\/\/www.atelier-sacher.at\/?product=ohrringe-aus-messing\",\"url\":\"https:\/\/www.atelier-sacher.at\/?product=ohrringe-aus-messing\",\"name\":\"Juna - ATELIER SACHER\",\"isPartOf\":{\"@id\":\"https:\/\/www.atelier-sacher.at\/#website\"},\"primaryImageOfPage\":{\"@id\":\"https:\/\/www.atelier-sacher.at\/?product=ohrringe-aus-messing#primaryimage\"},\"image\":{\"@id\":\"https:\/\/www.atelier-sacher.at\/?product=ohrringe-aus-messing#primaryimage\"},\"thumbnailUrl\":\"https:\/\/www.atelier-sacher.at\/wp-content\/uploads\/2025\/12\/DSC04580-scaled.jpg\",\"datePublished\":\"2025-12-27T11:06:47+00:00\",\"dateModified\":\"2026-03-06T10:33:49+00:00\",\"description\":\"Messing Ohrringe handgefertigt in \u00d6sterreich. Vergoldeter Ohrringhaken- hypoallergen. Anpassungen sind auf Anfrage m\u00f6glich.\",\"breadcrumb\":{\"@id\":\"https:\/\/www.atelier-sacher.at\/?product=ohrringe-aus-messing#breadcrumb\"},\"inLanguage\":\"de\",\"potentialAction\":[{\"@type\":\"ReadAction\",\"target\":[\"https:\/\/www.atelier-sacher.at\/?product=ohrringe-aus-messing\"]}]},{\"@type\":\"ImageObject\",\"inLanguage\":\"de\",\"@id\":\"https:\/\/www.atelier-sacher.at\/?product=ohrringe-aus-messing#primaryimage\",\"url\":\"https:\/\/www.atelier-sacher.at\/wp-content\/uploads\/2025\/12\/DSC04580-scaled.jpg\",\"contentUrl\":\"https:\/\/www.atelier-sacher.at\/wp-content\/uploads\/2025\/12\/DSC04580-scaled.jpg\",\"width\":1707,\"height\":2560},{\"@type\":\"BreadcrumbList\",\"@id\":\"https:\/\/www.atelier-sacher.at\/?product=ohrringe-aus-messing#breadcrumb\",\"itemListElement\":[{\"@type\":\"ListItem\",\"position\":1,\"name\":\"Start\",\"item\":\"https:\/\/www.atelier-sacher.at\/\"},{\"@type\":\"ListItem\",\"position\":2,\"name\":\"Shop\",\"item\":\"https:\/\/www.atelier-sacher.at\/?page_id=7\"},{\"@type\":\"ListItem\",\"position\":3,\"name\":\"Juna\"}]},{\"@type\":\"WebSite\",\"@id\":\"https:\/\/www.atelier-sacher.at\/#website\",\"url\":\"https:\/\/www.atelier-sacher.at\/\",\"name\":\"Atelier Sacher\",\"description\":\"Handgefertigter Schmuck aus \u00d6sterreich\",\"publisher\":{\"@id\":\"https:\/\/www.atelier-sacher.at\/#organization\"},\"potentialAction\":[{\"@type\":\"SearchAction\",\"target\":{\"@type\":\"EntryPoint\",\"urlTemplate\":\"https:\/\/www.atelier-sacher.at\/?s={search_term_string}\"},\"query-input\":{\"@type\":\"PropertyValueSpecification\",\"valueRequired\":true,\"valueName\":\"search_term_string\"}}],\"inLanguage\":\"de\"},{\"@type\":\"Organization\",\"@id\":\"https:\/\/www.atelier-sacher.at\/#organization\",\"name\":\"Atelier Sacher\",\"url\":\"https:\/\/www.atelier-sacher.at\/\",\"logo\":{\"@type\":\"ImageObject\",\"inLanguage\":\"de\",\"@id\":\"https:\/\/www.atelier-sacher.at\/#\/schema\/logo\/image\/\",\"url\":\"https:\/\/www.atelier-sacher.at\/wp-content\/uploads\/2025\/12\/Logo.jpg\",\"contentUrl\":\"https:\/\/www.atelier-sacher.at\/wp-content\/uploads\/2025\/12\/Logo.jpg\",\"width\":183,\"height\":192,\"caption\":\"Atelier Sacher\"},\"image\":{\"@id\":\"https:\/\/www.atelier-sacher.at\/#\/schema\/logo\/image\/\"}}]}<\/script>\n<!-- \/ Yoast SEO plugin. -->","yoast_head_json":{"title":"Juna - ATELIER SACHER","description":"Messing Ohrringe handgefertigt in \u00d6sterreich. Vergoldeter Ohrringhaken- hypoallergen. Anpassungen sind auf Anfrage m\u00f6glich.","robots":{"index":"index","follow":"follow","max-snippet":"max-snippet:-1","max-image-preview":"max-image-preview:large","max-video-preview":"max-video-preview:-1"},"canonical":"https:\/\/www.atelier-sacher.at\/?product=ohrringe-aus-messing","og_locale":"de_DE","og_type":"article","og_title":"Juna - ATELIER SACHER","og_description":"Messing Ohrringe handgefertigt in \u00d6sterreich. Vergoldeter Ohrringhaken- hypoallergen. Anpassungen sind auf Anfrage m\u00f6glich.","og_url":"https:\/\/www.atelier-sacher.at\/?product=ohrringe-aus-messing","og_site_name":"ATELIER SACHER","article_modified_time":"2026-03-06T10:33:49+00:00","og_image":[{"width":1707,"height":2560,"url":"https:\/\/www.atelier-sacher.at\/wp-content\/uploads\/2025\/12\/DSC04580-scaled.jpg","type":"image\/jpeg"}],"twitter_card":"summary_large_image","twitter_misc":{"Gesch\u00e4tzte Lesezeit":"1\u00a0Minute"},"schema":{"@context":"https:\/\/schema.org","@graph":[{"@type":"WebPage","@id":"https:\/\/www.atelier-sacher.at\/?product=ohrringe-aus-messing","url":"https:\/\/www.atelier-sacher.at\/?product=ohrringe-aus-messing","name":"Juna - ATELIER SACHER","isPartOf":{"@id":"https:\/\/www.atelier-sacher.at\/#website"},"primaryImageOfPage":{"@id":"https:\/\/www.atelier-sacher.at\/?product=ohrringe-aus-messing#primaryimage"},"image":{"@id":"https:\/\/www.atelier-sacher.at\/?product=ohrringe-aus-messing#primaryimage"},"thumbnailUrl":"https:\/\/www.atelier-sacher.at\/wp-content\/uploads\/2025\/12\/DSC04580-scaled.jpg","datePublished":"2025-12-27T11:06:47+00:00","dateModified":"2026-03-06T10:33:49+00:00","description":"Messing Ohrringe handgefertigt in \u00d6sterreich. Vergoldeter Ohrringhaken- hypoallergen. Anpassungen sind auf Anfrage m\u00f6glich.","breadcrumb":{"@id":"https:\/\/www.atelier-sacher.at\/?product=ohrringe-aus-messing#breadcrumb"},"inLanguage":"de","potentialAction":[{"@type":"ReadAction","target":["https:\/\/www.atelier-sacher.at\/?product=ohrringe-aus-messing"]}]},{"@type":"ImageObject","inLanguage":"de","@id":"https:\/\/www.atelier-sacher.at\/?product=ohrringe-aus-messing#primaryimage","url":"https:\/\/www.atelier-sacher.at\/wp-content\/uploads\/2025\/12\/DSC04580-scaled.jpg","contentUrl":"https:\/\/www.atelier-sacher.at\/wp-content\/uploads\/2025\/12\/DSC04580-scaled.jpg","width":1707,"height":2560},{"@type":"BreadcrumbList","@id":"https:\/\/www.atelier-sacher.at\/?product=ohrringe-aus-messing#breadcrumb","itemListElement":[{"@type":"ListItem","position":1,"name":"Start","item":"https:\/\/www.atelier-sacher.at\/"},{"@type":"ListItem","position":2,"name":"Shop","item":"https:\/\/www.atelier-sacher.at\/?page_id=7"},{"@type":"ListItem","position":3,"name":"Juna"}]},{"@type":"WebSite","@id":"https:\/\/www.atelier-sacher.at\/#website","url":"https:\/\/www.atelier-sacher.at\/","name":"Atelier Sacher","description":"Handgefertigter Schmuck aus \u00d6sterreich","publisher":{"@id":"https:\/\/www.atelier-sacher.at\/#organization"},"potentialAction":[{"@type":"SearchAction","target":{"@type":"EntryPoint","urlTemplate":"https:\/\/www.atelier-sacher.at\/?s={search_term_string}"},"query-input":{"@type":"PropertyValueSpecification","valueRequired":true,"valueName":"search_term_string"}}],"inLanguage":"de"},{"@type":"Organization","@id":"https:\/\/www.atelier-sacher.at\/#organization","name":"Atelier Sacher","url":"https:\/\/www.atelier-sacher.at\/","logo":{"@type":"ImageObject","inLanguage":"de","@id":"https:\/\/www.atelier-sacher.at\/#\/schema\/logo\/image\/","url":"https:\/\/www.atelier-sacher.at\/wp-content\/uploads\/2025\/12\/Logo.jpg","contentUrl":"https:\/\/www.atelier-sacher.at\/wp-content\/uploads\/2025\/12\/Logo.jpg","width":183,"height":192,"caption":"Atelier Sacher"},"image":{"@id":"https:\/\/www.atelier-sacher.at\/#\/schema\/logo\/image\/"}}]}},"_links":{"self":[{"href":"https:\/\/www.atelier-sacher.at\/index.php?rest_route=\/wp\/v2\/product\/640","targetHints":{"allow":["GET"]}}],"collection":[{"href":"https:\/\/www.atelier-sacher.at\/index.php?rest_route=\/wp\/v2\/product"}],"about":[{"href":"https:\/\/www.atelier-sacher.at\/index.php?rest_route=\/wp\/v2\/types\/product"}],"version-history":[{"count":4,"href":"https:\/\/www.atelier-sacher.at\/index.php?rest_route=\/wp\/v2\/product\/640\/revisions"}],"predecessor-version":[{"id":762,"href":"https:\/\/www.atelier-sacher.at\/index.php?rest_route=\/wp\/v2\/product\/640\/revisions\/762"}],"wp:featuredmedia":[{"embeddable":true,"href":"https:\/\/www.atelier-sacher.at\/index.php?rest_route=\/wp\/v2\/media\/645"}],"wp:attachment":[{"href":"https:\/\/www.atelier-sacher.at\/index.php?rest_route=%2Fwp%2Fv2%2Fmedia&parent=640"}],"wp:term":[{"taxonomy":"product_brand","embeddable":true,"href":"https:\/\/www.atelier-sacher.at\/index.php?rest_route=%2Fwp%2Fv2%2Fproduct_brand&post=640"},{"taxonomy":"product_cat","embeddable":true,"href":"https:\/\/www.atelier-sacher.at\/index.php?rest_route=%2Fwp%2Fv2%2Fproduct_cat&post=640"},{"taxonomy":"product_tag","embeddable":true,"href":"https:\/\/www.atelier-sacher.at\/index.php?rest_route=%2Fwp%2Fv2%2Fproduct_tag&post=640"}],"curies":[{"name":"wp","href":"https:\/\/api.w.org\/{rel}","templated":true}]}}