{"id":750,"date":"2026-03-06T11:14:35","date_gmt":"2026-03-06T10:14:35","guid":{"rendered":"https:\/\/www.atelier-sacher.at\/?post_type=product&#038;p=750"},"modified":"2026-04-01T18:45:14","modified_gmt":"2026-04-01T16:45:14","slug":"ohrringe-aus-messing-mit-echten-citrinperlen","status":"publish","type":"product","link":"https:\/\/www.atelier-sacher.at\/?product=ohrringe-aus-messing-mit-echten-citrinperlen","title":{"rendered":"Sirina"},"content":{"rendered":"<p>Diese Ohrringe bestehen aus hochwertigem Messing und werden in \u00d6sterreich vollst\u00e4ndig von Hand gefertigt. Das Design setzt auf verspielte, organische Formen, die dem Schmuckst\u00fcck eine leichte und lebendige Ausstrahlung verleihen. Im Zentrum jedes Ohrrings befindet sich ein echter Citrin, erg\u00e4nzt durch vier weitere Citrinperlen, die harmonisch in die Formgebung eingebunden sind. Das Messing ist glatt poliert, langlebig und hypoallergen, wodurch die Ohrringe auch f\u00fcr empfindliche Haut gut geeignet sind. Durch ihr geringes Gewicht lassen sie sich angenehm tragen und passen sowohl zu schlichten Outfits als auch zu ausdrucksstarken Looks.<\/p>\n<p>Der Citrin wird traditionell mit Klarheit, Lebensfreude und innerer St\u00e4rke verbunden. In Kombination mit den flie\u00dfenden, verspielten Formen entsteht ein Schmuckst\u00fcck, dem eine unterst\u00fctzende Wirkung f\u00fcr Optimismus, Leichtigkeit und positive Energie zugeschrieben wird.<\/p>\n","protected":false},"excerpt":{"rendered":"<p>Handgefertigte Ohrringe aus Messing mit echten Citrinperlen im Fantasy Stil.<\/p>\n","protected":false},"featured_media":753,"template":"","meta":[],"product_brand":[],"product_cat":[26,142],"product_tag":[117,73,72,54,50,119,140],"class_list":{"0":"post-750","1":"product","2":"type-product","3":"status-publish","4":"has-post-thumbnail","6":"product_cat-messing","7":"product_cat-ohrringe-aus-messing","8":"product_tag-citrin","9":"product_tag-festagsschmuck","10":"product_tag-glitzer","11":"product_tag-gold","12":"product_tag-messing","13":"product_tag-ohrringe","14":"product_tag-sommer","15":"product_shipping_class-kleine-pakete","17":"first","18":"instock","19":"shipping-taxable","20":"purchasable","21":"product-type-simple"},"yoast_head":"<!-- This site is optimized with the Yoast SEO plugin v27.1.1 - https:\/\/yoast.com\/product\/yoast-seo-wordpress\/ -->\n<title>Sirina - ATELIER SACHER<\/title>\n<meta name=\"description\" content=\"In \u00d6sterreich handgefertigte Ohrringe aus \u00d6sterreich mit echten Citrin Perlen. Hypoallergen und ein leichtes Tragegef\u00fchl.\" \/>\n<meta name=\"robots\" content=\"index, follow, max-snippet:-1, max-image-preview:large, max-video-preview:-1\" \/>\n<link rel=\"canonical\" href=\"https:\/\/www.atelier-sacher.at\/?product=ohrringe-aus-messing-mit-echten-citrinperlen\" \/>\n<meta property=\"og:locale\" content=\"de_DE\" \/>\n<meta property=\"og:type\" content=\"article\" \/>\n<meta property=\"og:title\" content=\"Sirina - ATELIER SACHER\" \/>\n<meta property=\"og:description\" content=\"In \u00d6sterreich handgefertigte Ohrringe aus \u00d6sterreich mit echten Citrin Perlen. Hypoallergen und ein leichtes Tragegef\u00fchl.\" \/>\n<meta property=\"og:url\" content=\"https:\/\/www.atelier-sacher.at\/?product=ohrringe-aus-messing-mit-echten-citrinperlen\" \/>\n<meta property=\"og:site_name\" content=\"ATELIER SACHER\" \/>\n<meta property=\"article:modified_time\" content=\"2026-04-01T16:45:14+00:00\" \/>\n<meta property=\"og:image\" content=\"https:\/\/www.atelier-sacher.at\/wp-content\/uploads\/2026\/03\/DSC04924-scaled.jpg\" \/>\n\t<meta property=\"og:image:width\" content=\"1813\" \/>\n\t<meta property=\"og:image:height\" content=\"2560\" \/>\n\t<meta property=\"og:image:type\" content=\"image\/jpeg\" \/>\n<meta name=\"twitter:card\" content=\"summary_large_image\" \/>\n<meta name=\"twitter:label1\" content=\"Gesch\u00e4tzte Lesezeit\" \/>\n\t<meta name=\"twitter:data1\" content=\"1\u00a0Minute\" \/>\n<script type=\"application\/ld+json\" class=\"yoast-schema-graph\">{\"@context\":\"https:\/\/schema.org\",\"@graph\":[{\"@type\":\"WebPage\",\"@id\":\"https:\/\/www.atelier-sacher.at\/?product=ohrringe-aus-messing-mit-echten-citrinperlen\",\"url\":\"https:\/\/www.atelier-sacher.at\/?product=ohrringe-aus-messing-mit-echten-citrinperlen\",\"name\":\"Sirina - ATELIER SACHER\",\"isPartOf\":{\"@id\":\"https:\/\/www.atelier-sacher.at\/#website\"},\"primaryImageOfPage\":{\"@id\":\"https:\/\/www.atelier-sacher.at\/?product=ohrringe-aus-messing-mit-echten-citrinperlen#primaryimage\"},\"image\":{\"@id\":\"https:\/\/www.atelier-sacher.at\/?product=ohrringe-aus-messing-mit-echten-citrinperlen#primaryimage\"},\"thumbnailUrl\":\"https:\/\/www.atelier-sacher.at\/wp-content\/uploads\/2026\/03\/DSC04924-scaled.jpg\",\"datePublished\":\"2026-03-06T10:14:35+00:00\",\"dateModified\":\"2026-04-01T16:45:14+00:00\",\"description\":\"In \u00d6sterreich handgefertigte Ohrringe aus \u00d6sterreich mit echten Citrin Perlen. Hypoallergen und ein leichtes Tragegef\u00fchl.\",\"breadcrumb\":{\"@id\":\"https:\/\/www.atelier-sacher.at\/?product=ohrringe-aus-messing-mit-echten-citrinperlen#breadcrumb\"},\"inLanguage\":\"de\",\"potentialAction\":[{\"@type\":\"ReadAction\",\"target\":[\"https:\/\/www.atelier-sacher.at\/?product=ohrringe-aus-messing-mit-echten-citrinperlen\"]}]},{\"@type\":\"ImageObject\",\"inLanguage\":\"de\",\"@id\":\"https:\/\/www.atelier-sacher.at\/?product=ohrringe-aus-messing-mit-echten-citrinperlen#primaryimage\",\"url\":\"https:\/\/www.atelier-sacher.at\/wp-content\/uploads\/2026\/03\/DSC04924-scaled.jpg\",\"contentUrl\":\"https:\/\/www.atelier-sacher.at\/wp-content\/uploads\/2026\/03\/DSC04924-scaled.jpg\",\"width\":1813,\"height\":2560},{\"@type\":\"BreadcrumbList\",\"@id\":\"https:\/\/www.atelier-sacher.at\/?product=ohrringe-aus-messing-mit-echten-citrinperlen#breadcrumb\",\"itemListElement\":[{\"@type\":\"ListItem\",\"position\":1,\"name\":\"Start\",\"item\":\"https:\/\/www.atelier-sacher.at\/\"},{\"@type\":\"ListItem\",\"position\":2,\"name\":\"Shop\",\"item\":\"https:\/\/www.atelier-sacher.at\/?page_id=7\"},{\"@type\":\"ListItem\",\"position\":3,\"name\":\"Sirina\"}]},{\"@type\":\"WebSite\",\"@id\":\"https:\/\/www.atelier-sacher.at\/#website\",\"url\":\"https:\/\/www.atelier-sacher.at\/\",\"name\":\"Atelier Sacher\",\"description\":\"Handgefertigter Schmuck aus \u00d6sterreich\",\"publisher\":{\"@id\":\"https:\/\/www.atelier-sacher.at\/#organization\"},\"potentialAction\":[{\"@type\":\"SearchAction\",\"target\":{\"@type\":\"EntryPoint\",\"urlTemplate\":\"https:\/\/www.atelier-sacher.at\/?s={search_term_string}\"},\"query-input\":{\"@type\":\"PropertyValueSpecification\",\"valueRequired\":true,\"valueName\":\"search_term_string\"}}],\"inLanguage\":\"de\"},{\"@type\":\"Organization\",\"@id\":\"https:\/\/www.atelier-sacher.at\/#organization\",\"name\":\"Atelier Sacher\",\"url\":\"https:\/\/www.atelier-sacher.at\/\",\"logo\":{\"@type\":\"ImageObject\",\"inLanguage\":\"de\",\"@id\":\"https:\/\/www.atelier-sacher.at\/#\/schema\/logo\/image\/\",\"url\":\"https:\/\/www.atelier-sacher.at\/wp-content\/uploads\/2025\/12\/Logo.jpg\",\"contentUrl\":\"https:\/\/www.atelier-sacher.at\/wp-content\/uploads\/2025\/12\/Logo.jpg\",\"width\":183,\"height\":192,\"caption\":\"Atelier Sacher\"},\"image\":{\"@id\":\"https:\/\/www.atelier-sacher.at\/#\/schema\/logo\/image\/\"}}]}<\/script>\n<!-- \/ Yoast SEO plugin. -->","yoast_head_json":{"title":"Sirina - ATELIER SACHER","description":"In \u00d6sterreich handgefertigte Ohrringe aus \u00d6sterreich mit echten Citrin Perlen. Hypoallergen und ein leichtes Tragegef\u00fchl.","robots":{"index":"index","follow":"follow","max-snippet":"max-snippet:-1","max-image-preview":"max-image-preview:large","max-video-preview":"max-video-preview:-1"},"canonical":"https:\/\/www.atelier-sacher.at\/?product=ohrringe-aus-messing-mit-echten-citrinperlen","og_locale":"de_DE","og_type":"article","og_title":"Sirina - ATELIER SACHER","og_description":"In \u00d6sterreich handgefertigte Ohrringe aus \u00d6sterreich mit echten Citrin Perlen. Hypoallergen und ein leichtes Tragegef\u00fchl.","og_url":"https:\/\/www.atelier-sacher.at\/?product=ohrringe-aus-messing-mit-echten-citrinperlen","og_site_name":"ATELIER SACHER","article_modified_time":"2026-04-01T16:45:14+00:00","og_image":[{"width":1813,"height":2560,"url":"https:\/\/www.atelier-sacher.at\/wp-content\/uploads\/2026\/03\/DSC04924-scaled.jpg","type":"image\/jpeg"}],"twitter_card":"summary_large_image","twitter_misc":{"Gesch\u00e4tzte Lesezeit":"1\u00a0Minute"},"schema":{"@context":"https:\/\/schema.org","@graph":[{"@type":"WebPage","@id":"https:\/\/www.atelier-sacher.at\/?product=ohrringe-aus-messing-mit-echten-citrinperlen","url":"https:\/\/www.atelier-sacher.at\/?product=ohrringe-aus-messing-mit-echten-citrinperlen","name":"Sirina - ATELIER SACHER","isPartOf":{"@id":"https:\/\/www.atelier-sacher.at\/#website"},"primaryImageOfPage":{"@id":"https:\/\/www.atelier-sacher.at\/?product=ohrringe-aus-messing-mit-echten-citrinperlen#primaryimage"},"image":{"@id":"https:\/\/www.atelier-sacher.at\/?product=ohrringe-aus-messing-mit-echten-citrinperlen#primaryimage"},"thumbnailUrl":"https:\/\/www.atelier-sacher.at\/wp-content\/uploads\/2026\/03\/DSC04924-scaled.jpg","datePublished":"2026-03-06T10:14:35+00:00","dateModified":"2026-04-01T16:45:14+00:00","description":"In \u00d6sterreich handgefertigte Ohrringe aus \u00d6sterreich mit echten Citrin Perlen. Hypoallergen und ein leichtes Tragegef\u00fchl.","breadcrumb":{"@id":"https:\/\/www.atelier-sacher.at\/?product=ohrringe-aus-messing-mit-echten-citrinperlen#breadcrumb"},"inLanguage":"de","potentialAction":[{"@type":"ReadAction","target":["https:\/\/www.atelier-sacher.at\/?product=ohrringe-aus-messing-mit-echten-citrinperlen"]}]},{"@type":"ImageObject","inLanguage":"de","@id":"https:\/\/www.atelier-sacher.at\/?product=ohrringe-aus-messing-mit-echten-citrinperlen#primaryimage","url":"https:\/\/www.atelier-sacher.at\/wp-content\/uploads\/2026\/03\/DSC04924-scaled.jpg","contentUrl":"https:\/\/www.atelier-sacher.at\/wp-content\/uploads\/2026\/03\/DSC04924-scaled.jpg","width":1813,"height":2560},{"@type":"BreadcrumbList","@id":"https:\/\/www.atelier-sacher.at\/?product=ohrringe-aus-messing-mit-echten-citrinperlen#breadcrumb","itemListElement":[{"@type":"ListItem","position":1,"name":"Start","item":"https:\/\/www.atelier-sacher.at\/"},{"@type":"ListItem","position":2,"name":"Shop","item":"https:\/\/www.atelier-sacher.at\/?page_id=7"},{"@type":"ListItem","position":3,"name":"Sirina"}]},{"@type":"WebSite","@id":"https:\/\/www.atelier-sacher.at\/#website","url":"https:\/\/www.atelier-sacher.at\/","name":"Atelier Sacher","description":"Handgefertigter Schmuck aus \u00d6sterreich","publisher":{"@id":"https:\/\/www.atelier-sacher.at\/#organization"},"potentialAction":[{"@type":"SearchAction","target":{"@type":"EntryPoint","urlTemplate":"https:\/\/www.atelier-sacher.at\/?s={search_term_string}"},"query-input":{"@type":"PropertyValueSpecification","valueRequired":true,"valueName":"search_term_string"}}],"inLanguage":"de"},{"@type":"Organization","@id":"https:\/\/www.atelier-sacher.at\/#organization","name":"Atelier Sacher","url":"https:\/\/www.atelier-sacher.at\/","logo":{"@type":"ImageObject","inLanguage":"de","@id":"https:\/\/www.atelier-sacher.at\/#\/schema\/logo\/image\/","url":"https:\/\/www.atelier-sacher.at\/wp-content\/uploads\/2025\/12\/Logo.jpg","contentUrl":"https:\/\/www.atelier-sacher.at\/wp-content\/uploads\/2025\/12\/Logo.jpg","width":183,"height":192,"caption":"Atelier Sacher"},"image":{"@id":"https:\/\/www.atelier-sacher.at\/#\/schema\/logo\/image\/"}}]}},"_links":{"self":[{"href":"https:\/\/www.atelier-sacher.at\/index.php?rest_route=\/wp\/v2\/product\/750","targetHints":{"allow":["GET"]}}],"collection":[{"href":"https:\/\/www.atelier-sacher.at\/index.php?rest_route=\/wp\/v2\/product"}],"about":[{"href":"https:\/\/www.atelier-sacher.at\/index.php?rest_route=\/wp\/v2\/types\/product"}],"version-history":[{"count":3,"href":"https:\/\/www.atelier-sacher.at\/index.php?rest_route=\/wp\/v2\/product\/750\/revisions"}],"predecessor-version":[{"id":816,"href":"https:\/\/www.atelier-sacher.at\/index.php?rest_route=\/wp\/v2\/product\/750\/revisions\/816"}],"wp:featuredmedia":[{"embeddable":true,"href":"https:\/\/www.atelier-sacher.at\/index.php?rest_route=\/wp\/v2\/media\/753"}],"wp:attachment":[{"href":"https:\/\/www.atelier-sacher.at\/index.php?rest_route=%2Fwp%2Fv2%2Fmedia&parent=750"}],"wp:term":[{"taxonomy":"product_brand","embeddable":true,"href":"https:\/\/www.atelier-sacher.at\/index.php?rest_route=%2Fwp%2Fv2%2Fproduct_brand&post=750"},{"taxonomy":"product_cat","embeddable":true,"href":"https:\/\/www.atelier-sacher.at\/index.php?rest_route=%2Fwp%2Fv2%2Fproduct_cat&post=750"},{"taxonomy":"product_tag","embeddable":true,"href":"https:\/\/www.atelier-sacher.at\/index.php?rest_route=%2Fwp%2Fv2%2Fproduct_tag&post=750"}],"curies":[{"name":"wp","href":"https:\/\/api.w.org\/{rel}","templated":true}]}}