{"id":778,"date":"2026-03-06T12:03:52","date_gmt":"2026-03-06T11:03:52","guid":{"rendered":"https:\/\/www.atelier-sacher.at\/?post_type=product&#038;p=778"},"modified":"2026-03-06T12:41:37","modified_gmt":"2026-03-06T11:41:37","slug":"armreif-aus-messing-mit-hammerschlag-optik","status":"publish","type":"product","link":"https:\/\/www.atelier-sacher.at\/?product=armreif-aus-messing-mit-hammerschlag-optik","title":{"rendered":"Nora"},"content":{"rendered":"<p>Dieser schlichte Armreif wurde sorgf\u00e4ltig von Hand aus Messing gefertigt und besticht durch seine klare, reduzierte Form. Ein besonderes Detail\u00a0 ist seine im Zentrum herausgearbeitete Hammerschlag Optik, welche den Armreif zum Gl\u00e4tzen bringt.<\/p>\n<p>Messing ist eine robuste Kupfer-Zink-Legierung, die f\u00fcr ihre warme Goldfarbe, ihre Langlebigkeit und ihre gute Hautvertr\u00e4glichkeit gesch\u00e4tzt wird. Seit Jahrhunderten wird Messing in vielen Kulturen f\u00fcr Schmuck und rituelle Gegenst\u00e4nde verwendet \u2013 oft als Symbol f\u00fcr Schutz, Kraft und Stabilit\u00e4t. Mit seinem zeitlosen Design eignet sich dieser Armreif ideal f\u00fcr den t\u00e4glichen Gebrauch und erg\u00e4nzt jedes Outfit auf dezente, elegante Weise<\/p>\n","protected":false},"excerpt":{"rendered":"<p>Armreif aus Messing mit Hammerschlag Optik<\/p>\n","protected":false},"featured_media":771,"template":"","meta":[],"product_brand":[],"product_cat":[22,26],"product_tag":[113,74,54,143,50,95,146,62],"class_list":{"0":"post-778","1":"product","2":"type-product","3":"status-publish","4":"has-post-thumbnail","6":"product_cat-armreifen","7":"product_cat-messing","8":"product_tag-armcuff","9":"product_tag-armreif","10":"product_tag-gold","11":"product_tag-hammerschlag","12":"product_tag-messing","13":"product_tag-modern","14":"product_tag-nora","15":"product_tag-schlicht","17":"first","18":"instock","19":"shipping-taxable","20":"purchasable","21":"product-type-simple"},"yoast_head":"<!-- This site is optimized with the Yoast SEO plugin v27.1.1 - https:\/\/yoast.com\/product\/yoast-seo-wordpress\/ -->\n<title>Nora - ATELIER SACHER<\/title>\n<meta name=\"description\" content=\"Dieser Armreif wurde aus 100% hochwertigem Messing handgefertigt in \u00d6sterreich. Er besicht durch seine schlichte Optik und dem Hammerschlag Look in Zentrum.\" \/>\n<meta name=\"robots\" content=\"index, follow, max-snippet:-1, max-image-preview:large, max-video-preview:-1\" \/>\n<link rel=\"canonical\" href=\"https:\/\/www.atelier-sacher.at\/?product=armreif-aus-messing-mit-hammerschlag-optik\" \/>\n<meta property=\"og:locale\" content=\"de_DE\" \/>\n<meta property=\"og:type\" content=\"article\" \/>\n<meta property=\"og:title\" content=\"Nora - ATELIER SACHER\" \/>\n<meta property=\"og:description\" content=\"Dieser Armreif wurde aus 100% hochwertigem Messing handgefertigt in \u00d6sterreich. Er besicht durch seine schlichte Optik und dem Hammerschlag Look in Zentrum.\" \/>\n<meta property=\"og:url\" content=\"https:\/\/www.atelier-sacher.at\/?product=armreif-aus-messing-mit-hammerschlag-optik\" \/>\n<meta property=\"og:site_name\" content=\"ATELIER SACHER\" \/>\n<meta property=\"article:modified_time\" content=\"2026-03-06T11:41:37+00:00\" \/>\n<meta property=\"og:image\" content=\"https:\/\/www.atelier-sacher.at\/wp-content\/uploads\/2026\/03\/DSC04787-scaled.jpg\" \/>\n\t<meta property=\"og:image:width\" content=\"1798\" \/>\n\t<meta property=\"og:image:height\" content=\"2560\" \/>\n\t<meta property=\"og:image:type\" content=\"image\/jpeg\" \/>\n<meta name=\"twitter:card\" content=\"summary_large_image\" \/>\n<meta name=\"twitter:label1\" content=\"Gesch\u00e4tzte Lesezeit\" \/>\n\t<meta name=\"twitter:data1\" content=\"1\u00a0Minute\" \/>\n<script type=\"application\/ld+json\" class=\"yoast-schema-graph\">{\"@context\":\"https:\/\/schema.org\",\"@graph\":[{\"@type\":\"WebPage\",\"@id\":\"https:\/\/www.atelier-sacher.at\/?product=armreif-aus-messing-mit-hammerschlag-optik\",\"url\":\"https:\/\/www.atelier-sacher.at\/?product=armreif-aus-messing-mit-hammerschlag-optik\",\"name\":\"Nora - ATELIER SACHER\",\"isPartOf\":{\"@id\":\"https:\/\/www.atelier-sacher.at\/#website\"},\"primaryImageOfPage\":{\"@id\":\"https:\/\/www.atelier-sacher.at\/?product=armreif-aus-messing-mit-hammerschlag-optik#primaryimage\"},\"image\":{\"@id\":\"https:\/\/www.atelier-sacher.at\/?product=armreif-aus-messing-mit-hammerschlag-optik#primaryimage\"},\"thumbnailUrl\":\"https:\/\/www.atelier-sacher.at\/wp-content\/uploads\/2026\/03\/DSC04787-scaled.jpg\",\"datePublished\":\"2026-03-06T11:03:52+00:00\",\"dateModified\":\"2026-03-06T11:41:37+00:00\",\"description\":\"Dieser Armreif wurde aus 100% hochwertigem Messing handgefertigt in \u00d6sterreich. Er besicht durch seine schlichte Optik und dem Hammerschlag Look in Zentrum.\",\"breadcrumb\":{\"@id\":\"https:\/\/www.atelier-sacher.at\/?product=armreif-aus-messing-mit-hammerschlag-optik#breadcrumb\"},\"inLanguage\":\"de\",\"potentialAction\":[{\"@type\":\"ReadAction\",\"target\":[\"https:\/\/www.atelier-sacher.at\/?product=armreif-aus-messing-mit-hammerschlag-optik\"]}]},{\"@type\":\"ImageObject\",\"inLanguage\":\"de\",\"@id\":\"https:\/\/www.atelier-sacher.at\/?product=armreif-aus-messing-mit-hammerschlag-optik#primaryimage\",\"url\":\"https:\/\/www.atelier-sacher.at\/wp-content\/uploads\/2026\/03\/DSC04787-scaled.jpg\",\"contentUrl\":\"https:\/\/www.atelier-sacher.at\/wp-content\/uploads\/2026\/03\/DSC04787-scaled.jpg\",\"width\":1798,\"height\":2560},{\"@type\":\"BreadcrumbList\",\"@id\":\"https:\/\/www.atelier-sacher.at\/?product=armreif-aus-messing-mit-hammerschlag-optik#breadcrumb\",\"itemListElement\":[{\"@type\":\"ListItem\",\"position\":1,\"name\":\"Start\",\"item\":\"https:\/\/www.atelier-sacher.at\/\"},{\"@type\":\"ListItem\",\"position\":2,\"name\":\"Shop\",\"item\":\"https:\/\/www.atelier-sacher.at\/?page_id=7\"},{\"@type\":\"ListItem\",\"position\":3,\"name\":\"Nora\"}]},{\"@type\":\"WebSite\",\"@id\":\"https:\/\/www.atelier-sacher.at\/#website\",\"url\":\"https:\/\/www.atelier-sacher.at\/\",\"name\":\"Atelier Sacher\",\"description\":\"Handgefertigter Schmuck aus \u00d6sterreich\",\"publisher\":{\"@id\":\"https:\/\/www.atelier-sacher.at\/#organization\"},\"potentialAction\":[{\"@type\":\"SearchAction\",\"target\":{\"@type\":\"EntryPoint\",\"urlTemplate\":\"https:\/\/www.atelier-sacher.at\/?s={search_term_string}\"},\"query-input\":{\"@type\":\"PropertyValueSpecification\",\"valueRequired\":true,\"valueName\":\"search_term_string\"}}],\"inLanguage\":\"de\"},{\"@type\":\"Organization\",\"@id\":\"https:\/\/www.atelier-sacher.at\/#organization\",\"name\":\"Atelier Sacher\",\"url\":\"https:\/\/www.atelier-sacher.at\/\",\"logo\":{\"@type\":\"ImageObject\",\"inLanguage\":\"de\",\"@id\":\"https:\/\/www.atelier-sacher.at\/#\/schema\/logo\/image\/\",\"url\":\"https:\/\/www.atelier-sacher.at\/wp-content\/uploads\/2025\/12\/Logo.jpg\",\"contentUrl\":\"https:\/\/www.atelier-sacher.at\/wp-content\/uploads\/2025\/12\/Logo.jpg\",\"width\":183,\"height\":192,\"caption\":\"Atelier Sacher\"},\"image\":{\"@id\":\"https:\/\/www.atelier-sacher.at\/#\/schema\/logo\/image\/\"}}]}<\/script>\n<!-- \/ Yoast SEO plugin. -->","yoast_head_json":{"title":"Nora - ATELIER SACHER","description":"Dieser Armreif wurde aus 100% hochwertigem Messing handgefertigt in \u00d6sterreich. Er besicht durch seine schlichte Optik und dem Hammerschlag Look in Zentrum.","robots":{"index":"index","follow":"follow","max-snippet":"max-snippet:-1","max-image-preview":"max-image-preview:large","max-video-preview":"max-video-preview:-1"},"canonical":"https:\/\/www.atelier-sacher.at\/?product=armreif-aus-messing-mit-hammerschlag-optik","og_locale":"de_DE","og_type":"article","og_title":"Nora - ATELIER SACHER","og_description":"Dieser Armreif wurde aus 100% hochwertigem Messing handgefertigt in \u00d6sterreich. Er besicht durch seine schlichte Optik und dem Hammerschlag Look in Zentrum.","og_url":"https:\/\/www.atelier-sacher.at\/?product=armreif-aus-messing-mit-hammerschlag-optik","og_site_name":"ATELIER SACHER","article_modified_time":"2026-03-06T11:41:37+00:00","og_image":[{"width":1798,"height":2560,"url":"https:\/\/www.atelier-sacher.at\/wp-content\/uploads\/2026\/03\/DSC04787-scaled.jpg","type":"image\/jpeg"}],"twitter_card":"summary_large_image","twitter_misc":{"Gesch\u00e4tzte Lesezeit":"1\u00a0Minute"},"schema":{"@context":"https:\/\/schema.org","@graph":[{"@type":"WebPage","@id":"https:\/\/www.atelier-sacher.at\/?product=armreif-aus-messing-mit-hammerschlag-optik","url":"https:\/\/www.atelier-sacher.at\/?product=armreif-aus-messing-mit-hammerschlag-optik","name":"Nora - ATELIER SACHER","isPartOf":{"@id":"https:\/\/www.atelier-sacher.at\/#website"},"primaryImageOfPage":{"@id":"https:\/\/www.atelier-sacher.at\/?product=armreif-aus-messing-mit-hammerschlag-optik#primaryimage"},"image":{"@id":"https:\/\/www.atelier-sacher.at\/?product=armreif-aus-messing-mit-hammerschlag-optik#primaryimage"},"thumbnailUrl":"https:\/\/www.atelier-sacher.at\/wp-content\/uploads\/2026\/03\/DSC04787-scaled.jpg","datePublished":"2026-03-06T11:03:52+00:00","dateModified":"2026-03-06T11:41:37+00:00","description":"Dieser Armreif wurde aus 100% hochwertigem Messing handgefertigt in \u00d6sterreich. Er besicht durch seine schlichte Optik und dem Hammerschlag Look in Zentrum.","breadcrumb":{"@id":"https:\/\/www.atelier-sacher.at\/?product=armreif-aus-messing-mit-hammerschlag-optik#breadcrumb"},"inLanguage":"de","potentialAction":[{"@type":"ReadAction","target":["https:\/\/www.atelier-sacher.at\/?product=armreif-aus-messing-mit-hammerschlag-optik"]}]},{"@type":"ImageObject","inLanguage":"de","@id":"https:\/\/www.atelier-sacher.at\/?product=armreif-aus-messing-mit-hammerschlag-optik#primaryimage","url":"https:\/\/www.atelier-sacher.at\/wp-content\/uploads\/2026\/03\/DSC04787-scaled.jpg","contentUrl":"https:\/\/www.atelier-sacher.at\/wp-content\/uploads\/2026\/03\/DSC04787-scaled.jpg","width":1798,"height":2560},{"@type":"BreadcrumbList","@id":"https:\/\/www.atelier-sacher.at\/?product=armreif-aus-messing-mit-hammerschlag-optik#breadcrumb","itemListElement":[{"@type":"ListItem","position":1,"name":"Start","item":"https:\/\/www.atelier-sacher.at\/"},{"@type":"ListItem","position":2,"name":"Shop","item":"https:\/\/www.atelier-sacher.at\/?page_id=7"},{"@type":"ListItem","position":3,"name":"Nora"}]},{"@type":"WebSite","@id":"https:\/\/www.atelier-sacher.at\/#website","url":"https:\/\/www.atelier-sacher.at\/","name":"Atelier Sacher","description":"Handgefertigter Schmuck aus \u00d6sterreich","publisher":{"@id":"https:\/\/www.atelier-sacher.at\/#organization"},"potentialAction":[{"@type":"SearchAction","target":{"@type":"EntryPoint","urlTemplate":"https:\/\/www.atelier-sacher.at\/?s={search_term_string}"},"query-input":{"@type":"PropertyValueSpecification","valueRequired":true,"valueName":"search_term_string"}}],"inLanguage":"de"},{"@type":"Organization","@id":"https:\/\/www.atelier-sacher.at\/#organization","name":"Atelier Sacher","url":"https:\/\/www.atelier-sacher.at\/","logo":{"@type":"ImageObject","inLanguage":"de","@id":"https:\/\/www.atelier-sacher.at\/#\/schema\/logo\/image\/","url":"https:\/\/www.atelier-sacher.at\/wp-content\/uploads\/2025\/12\/Logo.jpg","contentUrl":"https:\/\/www.atelier-sacher.at\/wp-content\/uploads\/2025\/12\/Logo.jpg","width":183,"height":192,"caption":"Atelier Sacher"},"image":{"@id":"https:\/\/www.atelier-sacher.at\/#\/schema\/logo\/image\/"}}]}},"_links":{"self":[{"href":"https:\/\/www.atelier-sacher.at\/index.php?rest_route=\/wp\/v2\/product\/778","targetHints":{"allow":["GET"]}}],"collection":[{"href":"https:\/\/www.atelier-sacher.at\/index.php?rest_route=\/wp\/v2\/product"}],"about":[{"href":"https:\/\/www.atelier-sacher.at\/index.php?rest_route=\/wp\/v2\/types\/product"}],"version-history":[{"count":3,"href":"https:\/\/www.atelier-sacher.at\/index.php?rest_route=\/wp\/v2\/product\/778\/revisions"}],"predecessor-version":[{"id":805,"href":"https:\/\/www.atelier-sacher.at\/index.php?rest_route=\/wp\/v2\/product\/778\/revisions\/805"}],"wp:featuredmedia":[{"embeddable":true,"href":"https:\/\/www.atelier-sacher.at\/index.php?rest_route=\/wp\/v2\/media\/771"}],"wp:attachment":[{"href":"https:\/\/www.atelier-sacher.at\/index.php?rest_route=%2Fwp%2Fv2%2Fmedia&parent=778"}],"wp:term":[{"taxonomy":"product_brand","embeddable":true,"href":"https:\/\/www.atelier-sacher.at\/index.php?rest_route=%2Fwp%2Fv2%2Fproduct_brand&post=778"},{"taxonomy":"product_cat","embeddable":true,"href":"https:\/\/www.atelier-sacher.at\/index.php?rest_route=%2Fwp%2Fv2%2Fproduct_cat&post=778"},{"taxonomy":"product_tag","embeddable":true,"href":"https:\/\/www.atelier-sacher.at\/index.php?rest_route=%2Fwp%2Fv2%2Fproduct_tag&post=778"}],"curies":[{"name":"wp","href":"https:\/\/api.w.org\/{rel}","templated":true}]}}