{"id":797,"date":"2026-03-06T12:38:23","date_gmt":"2026-03-06T11:38:23","guid":{"rendered":"https:\/\/www.atelier-sacher.at\/?post_type=product&#038;p=797"},"modified":"2026-04-01T18:44:41","modified_gmt":"2026-04-01T16:44:41","slug":"keidra","status":"publish","type":"product","link":"https:\/\/www.atelier-sacher.at\/?product=keidra","title":{"rendered":"Keidra"},"content":{"rendered":"<p>Dieser Ring werden in \u00d6sterreich aus hochwertigem Edelstahl in sorgf\u00e4ltiger Handarbeit gefertigt. Das Design zeichnet sich durch eine glatte, gedrehte Oberfl\u00e4che aus, die dem Ring eine markante, skulpturale Wirkung verleiht. Die Form ist bewusst gro\u00dfz\u00fcgig gehalten, wodurch der Ring als ausdrucksstarkes Einzelst\u00fcck getragen werden kann. Edelstahl ist besonders widerstandsf\u00e4hig, pflegeleicht und hypoallergen \u2013 ideal f\u00fcr empfindliche Haut und den t\u00e4glichen Gebrauch.<\/p>\n<p>Die gedrehte Form kann als Symbol f\u00fcr Bewegung, Wandlung und innere Dynamik verstanden werden. In ihrer Klarheit und St\u00e4rke steht sie f\u00fcr Stabilit\u00e4t und zugleich f\u00fcr die F\u00e4higkeit, sich weiterzuentwickeln. Als Schmuckst\u00fcck kann der Ring so nicht nur \u00e4sthetisch wirken, sondern auch als stiller Begleiter f\u00fcr pers\u00f6nliche Prozesse und innere Ausrichtung dienen.<\/p>\n","protected":false},"excerpt":{"rendered":"<p>Ring aus Edelstahl in gedtrehter Form<\/p>\n","protected":false},"featured_media":801,"template":"","meta":[],"product_brand":[],"product_cat":[65,82],"product_tag":[69,70,145,144,63,95,67],"class_list":{"0":"post-797","1":"product","2":"type-product","3":"status-publish","4":"has-post-thumbnail","6":"product_cat-material-edelstahl","7":"product_cat-ringe-edelstahl","8":"product_tag-edelstahl","9":"product_tag-gedreht","10":"product_tag-glaenzend","11":"product_tag-grosser-ring","12":"product_tag-minimalistisch","13":"product_tag-modern","14":"product_tag-silber","15":"product_shipping_class-kleine-pakete","17":"first","18":"instock","19":"shipping-taxable","20":"purchasable","21":"product-type-simple"},"yoast_head":"<!-- This site is optimized with the Yoast SEO plugin v27.1.1 - https:\/\/yoast.com\/product\/yoast-seo-wordpress\/ -->\n<title>Keidra - ATELIER SACHER<\/title>\n<meta name=\"description\" content=\"Dieser Ring wurde handgefertigt aus 100% hochwertigem Edelstahl in \u00d6sterreich. Seine Form und Gr\u00f6\u00dfe sind ein klarer Blickfang.\" \/>\n<meta name=\"robots\" content=\"index, follow, max-snippet:-1, max-image-preview:large, max-video-preview:-1\" \/>\n<link rel=\"canonical\" href=\"https:\/\/www.atelier-sacher.at\/?product=keidra\" \/>\n<meta property=\"og:locale\" content=\"de_DE\" \/>\n<meta property=\"og:type\" content=\"article\" \/>\n<meta property=\"og:title\" content=\"Keidra - ATELIER SACHER\" \/>\n<meta property=\"og:description\" content=\"Dieser Ring wurde handgefertigt aus 100% hochwertigem Edelstahl in \u00d6sterreich. Seine Form und Gr\u00f6\u00dfe sind ein klarer Blickfang.\" \/>\n<meta property=\"og:url\" content=\"https:\/\/www.atelier-sacher.at\/?product=keidra\" \/>\n<meta property=\"og:site_name\" content=\"ATELIER SACHER\" \/>\n<meta property=\"article:modified_time\" content=\"2026-04-01T16:44:41+00:00\" \/>\n<meta property=\"og:image\" content=\"https:\/\/www.atelier-sacher.at\/wp-content\/uploads\/2026\/03\/DSC04828-1-scaled.jpg\" \/>\n\t<meta property=\"og:image:width\" content=\"1554\" \/>\n\t<meta property=\"og:image:height\" content=\"2560\" \/>\n\t<meta property=\"og:image:type\" content=\"image\/jpeg\" \/>\n<meta name=\"twitter:card\" content=\"summary_large_image\" \/>\n<meta name=\"twitter:label1\" content=\"Gesch\u00e4tzte Lesezeit\" \/>\n\t<meta name=\"twitter:data1\" content=\"1\u00a0Minute\" \/>\n<script type=\"application\/ld+json\" class=\"yoast-schema-graph\">{\"@context\":\"https:\/\/schema.org\",\"@graph\":[{\"@type\":\"WebPage\",\"@id\":\"https:\/\/www.atelier-sacher.at\/?product=keidra\",\"url\":\"https:\/\/www.atelier-sacher.at\/?product=keidra\",\"name\":\"Keidra - ATELIER SACHER\",\"isPartOf\":{\"@id\":\"https:\/\/www.atelier-sacher.at\/#website\"},\"primaryImageOfPage\":{\"@id\":\"https:\/\/www.atelier-sacher.at\/?product=keidra#primaryimage\"},\"image\":{\"@id\":\"https:\/\/www.atelier-sacher.at\/?product=keidra#primaryimage\"},\"thumbnailUrl\":\"https:\/\/www.atelier-sacher.at\/wp-content\/uploads\/2026\/03\/DSC04828-1-scaled.jpg\",\"datePublished\":\"2026-03-06T11:38:23+00:00\",\"dateModified\":\"2026-04-01T16:44:41+00:00\",\"description\":\"Dieser Ring wurde handgefertigt aus 100% hochwertigem Edelstahl in \u00d6sterreich. Seine Form und Gr\u00f6\u00dfe sind ein klarer Blickfang.\",\"breadcrumb\":{\"@id\":\"https:\/\/www.atelier-sacher.at\/?product=keidra#breadcrumb\"},\"inLanguage\":\"de\",\"potentialAction\":[{\"@type\":\"ReadAction\",\"target\":[\"https:\/\/www.atelier-sacher.at\/?product=keidra\"]}]},{\"@type\":\"ImageObject\",\"inLanguage\":\"de\",\"@id\":\"https:\/\/www.atelier-sacher.at\/?product=keidra#primaryimage\",\"url\":\"https:\/\/www.atelier-sacher.at\/wp-content\/uploads\/2026\/03\/DSC04828-1-scaled.jpg\",\"contentUrl\":\"https:\/\/www.atelier-sacher.at\/wp-content\/uploads\/2026\/03\/DSC04828-1-scaled.jpg\",\"width\":1554,\"height\":2560},{\"@type\":\"BreadcrumbList\",\"@id\":\"https:\/\/www.atelier-sacher.at\/?product=keidra#breadcrumb\",\"itemListElement\":[{\"@type\":\"ListItem\",\"position\":1,\"name\":\"Start\",\"item\":\"https:\/\/www.atelier-sacher.at\/\"},{\"@type\":\"ListItem\",\"position\":2,\"name\":\"Shop\",\"item\":\"https:\/\/www.atelier-sacher.at\/?page_id=7\"},{\"@type\":\"ListItem\",\"position\":3,\"name\":\"Keidra\"}]},{\"@type\":\"WebSite\",\"@id\":\"https:\/\/www.atelier-sacher.at\/#website\",\"url\":\"https:\/\/www.atelier-sacher.at\/\",\"name\":\"Atelier Sacher\",\"description\":\"Handgefertigter Schmuck aus \u00d6sterreich\",\"publisher\":{\"@id\":\"https:\/\/www.atelier-sacher.at\/#organization\"},\"potentialAction\":[{\"@type\":\"SearchAction\",\"target\":{\"@type\":\"EntryPoint\",\"urlTemplate\":\"https:\/\/www.atelier-sacher.at\/?s={search_term_string}\"},\"query-input\":{\"@type\":\"PropertyValueSpecification\",\"valueRequired\":true,\"valueName\":\"search_term_string\"}}],\"inLanguage\":\"de\"},{\"@type\":\"Organization\",\"@id\":\"https:\/\/www.atelier-sacher.at\/#organization\",\"name\":\"Atelier Sacher\",\"url\":\"https:\/\/www.atelier-sacher.at\/\",\"logo\":{\"@type\":\"ImageObject\",\"inLanguage\":\"de\",\"@id\":\"https:\/\/www.atelier-sacher.at\/#\/schema\/logo\/image\/\",\"url\":\"https:\/\/www.atelier-sacher.at\/wp-content\/uploads\/2025\/12\/Logo.jpg\",\"contentUrl\":\"https:\/\/www.atelier-sacher.at\/wp-content\/uploads\/2025\/12\/Logo.jpg\",\"width\":183,\"height\":192,\"caption\":\"Atelier Sacher\"},\"image\":{\"@id\":\"https:\/\/www.atelier-sacher.at\/#\/schema\/logo\/image\/\"}}]}<\/script>\n<!-- \/ Yoast SEO plugin. -->","yoast_head_json":{"title":"Keidra - ATELIER SACHER","description":"Dieser Ring wurde handgefertigt aus 100% hochwertigem Edelstahl in \u00d6sterreich. Seine Form und Gr\u00f6\u00dfe sind ein klarer Blickfang.","robots":{"index":"index","follow":"follow","max-snippet":"max-snippet:-1","max-image-preview":"max-image-preview:large","max-video-preview":"max-video-preview:-1"},"canonical":"https:\/\/www.atelier-sacher.at\/?product=keidra","og_locale":"de_DE","og_type":"article","og_title":"Keidra - ATELIER SACHER","og_description":"Dieser Ring wurde handgefertigt aus 100% hochwertigem Edelstahl in \u00d6sterreich. Seine Form und Gr\u00f6\u00dfe sind ein klarer Blickfang.","og_url":"https:\/\/www.atelier-sacher.at\/?product=keidra","og_site_name":"ATELIER SACHER","article_modified_time":"2026-04-01T16:44:41+00:00","og_image":[{"width":1554,"height":2560,"url":"https:\/\/www.atelier-sacher.at\/wp-content\/uploads\/2026\/03\/DSC04828-1-scaled.jpg","type":"image\/jpeg"}],"twitter_card":"summary_large_image","twitter_misc":{"Gesch\u00e4tzte Lesezeit":"1\u00a0Minute"},"schema":{"@context":"https:\/\/schema.org","@graph":[{"@type":"WebPage","@id":"https:\/\/www.atelier-sacher.at\/?product=keidra","url":"https:\/\/www.atelier-sacher.at\/?product=keidra","name":"Keidra - ATELIER SACHER","isPartOf":{"@id":"https:\/\/www.atelier-sacher.at\/#website"},"primaryImageOfPage":{"@id":"https:\/\/www.atelier-sacher.at\/?product=keidra#primaryimage"},"image":{"@id":"https:\/\/www.atelier-sacher.at\/?product=keidra#primaryimage"},"thumbnailUrl":"https:\/\/www.atelier-sacher.at\/wp-content\/uploads\/2026\/03\/DSC04828-1-scaled.jpg","datePublished":"2026-03-06T11:38:23+00:00","dateModified":"2026-04-01T16:44:41+00:00","description":"Dieser Ring wurde handgefertigt aus 100% hochwertigem Edelstahl in \u00d6sterreich. Seine Form und Gr\u00f6\u00dfe sind ein klarer Blickfang.","breadcrumb":{"@id":"https:\/\/www.atelier-sacher.at\/?product=keidra#breadcrumb"},"inLanguage":"de","potentialAction":[{"@type":"ReadAction","target":["https:\/\/www.atelier-sacher.at\/?product=keidra"]}]},{"@type":"ImageObject","inLanguage":"de","@id":"https:\/\/www.atelier-sacher.at\/?product=keidra#primaryimage","url":"https:\/\/www.atelier-sacher.at\/wp-content\/uploads\/2026\/03\/DSC04828-1-scaled.jpg","contentUrl":"https:\/\/www.atelier-sacher.at\/wp-content\/uploads\/2026\/03\/DSC04828-1-scaled.jpg","width":1554,"height":2560},{"@type":"BreadcrumbList","@id":"https:\/\/www.atelier-sacher.at\/?product=keidra#breadcrumb","itemListElement":[{"@type":"ListItem","position":1,"name":"Start","item":"https:\/\/www.atelier-sacher.at\/"},{"@type":"ListItem","position":2,"name":"Shop","item":"https:\/\/www.atelier-sacher.at\/?page_id=7"},{"@type":"ListItem","position":3,"name":"Keidra"}]},{"@type":"WebSite","@id":"https:\/\/www.atelier-sacher.at\/#website","url":"https:\/\/www.atelier-sacher.at\/","name":"Atelier Sacher","description":"Handgefertigter Schmuck aus \u00d6sterreich","publisher":{"@id":"https:\/\/www.atelier-sacher.at\/#organization"},"potentialAction":[{"@type":"SearchAction","target":{"@type":"EntryPoint","urlTemplate":"https:\/\/www.atelier-sacher.at\/?s={search_term_string}"},"query-input":{"@type":"PropertyValueSpecification","valueRequired":true,"valueName":"search_term_string"}}],"inLanguage":"de"},{"@type":"Organization","@id":"https:\/\/www.atelier-sacher.at\/#organization","name":"Atelier Sacher","url":"https:\/\/www.atelier-sacher.at\/","logo":{"@type":"ImageObject","inLanguage":"de","@id":"https:\/\/www.atelier-sacher.at\/#\/schema\/logo\/image\/","url":"https:\/\/www.atelier-sacher.at\/wp-content\/uploads\/2025\/12\/Logo.jpg","contentUrl":"https:\/\/www.atelier-sacher.at\/wp-content\/uploads\/2025\/12\/Logo.jpg","width":183,"height":192,"caption":"Atelier Sacher"},"image":{"@id":"https:\/\/www.atelier-sacher.at\/#\/schema\/logo\/image\/"}}]}},"_links":{"self":[{"href":"https:\/\/www.atelier-sacher.at\/index.php?rest_route=\/wp\/v2\/product\/797","targetHints":{"allow":["GET"]}}],"collection":[{"href":"https:\/\/www.atelier-sacher.at\/index.php?rest_route=\/wp\/v2\/product"}],"about":[{"href":"https:\/\/www.atelier-sacher.at\/index.php?rest_route=\/wp\/v2\/types\/product"}],"version-history":[{"count":1,"href":"https:\/\/www.atelier-sacher.at\/index.php?rest_route=\/wp\/v2\/product\/797\/revisions"}],"predecessor-version":[{"id":804,"href":"https:\/\/www.atelier-sacher.at\/index.php?rest_route=\/wp\/v2\/product\/797\/revisions\/804"}],"wp:featuredmedia":[{"embeddable":true,"href":"https:\/\/www.atelier-sacher.at\/index.php?rest_route=\/wp\/v2\/media\/801"}],"wp:attachment":[{"href":"https:\/\/www.atelier-sacher.at\/index.php?rest_route=%2Fwp%2Fv2%2Fmedia&parent=797"}],"wp:term":[{"taxonomy":"product_brand","embeddable":true,"href":"https:\/\/www.atelier-sacher.at\/index.php?rest_route=%2Fwp%2Fv2%2Fproduct_brand&post=797"},{"taxonomy":"product_cat","embeddable":true,"href":"https:\/\/www.atelier-sacher.at\/index.php?rest_route=%2Fwp%2Fv2%2Fproduct_cat&post=797"},{"taxonomy":"product_tag","embeddable":true,"href":"https:\/\/www.atelier-sacher.at\/index.php?rest_route=%2Fwp%2Fv2%2Fproduct_tag&post=797"}],"curies":[{"name":"wp","href":"https:\/\/api.w.org\/{rel}","templated":true}]}}